
{"id":777,"date":"2018-12-04T15:43:22","date_gmt":"2018-12-04T15:43:22","guid":{"rendered":"http:\/\/0.0.0.0:8085\/?page_id=777"},"modified":"2018-12-04T15:52:00","modified_gmt":"2018-12-04T15:52:00","slug":"register-confirmation","status":"publish","type":"page","link":"https:\/\/oldcursoonline.mercalabs.com\/pb\/register-confirmation\/","title":{"rendered":"(Espa\u00f1ol) Confirmaci\u00f3n de registro"},"content":{"rendered":"<p class=\"qtranxs-available-languages-message qtranxs-available-languages-message-pb\">Desculpe-nos, mas este texto est\u00e1 apenas dispon\u00edvel em <a href=\"https:\/\/oldcursoonline.mercalabs.com\/es\/wp-json\/wp\/v2\/pages\/777\" class=\"qtranxs-available-language-link qtranxs-available-language-link-es\" title=\"Espa\u00f1ol\">Espanhol Europeu<\/a> y <a href=\"https:\/\/oldcursoonline.mercalabs.com\/en\/wp-json\/wp\/v2\/pages\/777\" class=\"qtranxs-available-language-link qtranxs-available-language-link-en\" title=\"English\">Ingl\u00eas Americano<\/a>.<\/p>","protected":false},"excerpt":{"rendered":"<p>Desculpe-nos, mas este texto est\u00e1 apenas dispon\u00edvel em Espanhol Europeu y Ingl\u00eas Americano.<\/p>\n","protected":false},"author":1,"featured_media":0,"parent":0,"menu_order":0,"comment_status":"closed","ping_status":"closed","template":"","meta":{"generate_page_header":""},"_links":{"self":[{"href":"https:\/\/oldcursoonline.mercalabs.com\/pb\/wp-json\/wp\/v2\/pages\/777"}],"collection":[{"href":"https:\/\/oldcursoonline.mercalabs.com\/pb\/wp-json\/wp\/v2\/pages"}],"about":[{"href":"https:\/\/oldcursoonline.mercalabs.com\/pb\/wp-json\/wp\/v2\/types\/page"}],"author":[{"embeddable":true,"href":"https:\/\/oldcursoonline.mercalabs.com\/pb\/wp-json\/wp\/v2\/users\/1"}],"replies":[{"embeddable":true,"href":"https:\/\/oldcursoonline.mercalabs.com\/pb\/wp-json\/wp\/v2\/comments?post=777"}],"version-history":[{"count":2,"href":"https:\/\/oldcursoonline.mercalabs.com\/pb\/wp-json\/wp\/v2\/pages\/777\/revisions"}],"predecessor-version":[{"id":779,"href":"https:\/\/oldcursoonline.mercalabs.com\/pb\/wp-json\/wp\/v2\/pages\/777\/revisions\/779"}],"wp:attachment":[{"href":"https:\/\/oldcursoonline.mercalabs.com\/pb\/wp-json\/wp\/v2\/media?parent=777"}],"curies":[{"name":"wp","href":"https:\/\/api.w.org\/{rel}","templated":true}]}}