
{"id":4507,"date":"2020-09-03T08:01:26","date_gmt":"2020-09-03T08:01:26","guid":{"rendered":"https:\/\/online.eurekers.com\/?page_id=4507"},"modified":"2020-10-29T09:10:21","modified_gmt":"2020-10-29T09:10:21","slug":"account-verification","status":"publish","type":"page","link":"https:\/\/oldcursoonline.mercalabs.com\/pb\/account-verification\/","title":{"rendered":"Verificaci\u00f3n de cuenta"},"content":{"rendered":"<div class=\"verification-container\">\n<div class=\"grid-100\">\n        <span>Enviamos a voc\u00ea um c\u00f3digo de verifica\u00e7\u00e3o por SMS. Verifique seu telefone 34669550884<\/span>\n      <\/div>\n<form id=\"sms-verification-form\" action=\"\/wp-json\/eurekers-course\/v1\/verification-code-submit\" method=\"post\">\n    <label for=\"sms-code\">C\u00f3digo:<\/label><br \/>\n    <br \/>\n    <input type=\"text\" id=\"sms-code\" name=\"sms-code\"><br \/>\n    <input type=\"text\" id=\"user_id\" name=\"user_id\" value=\"0\" style=\"display:none;\" readonly><\/p>\n<p>    <input type=\"submit\" value=\"Verifica\"><br \/>\n  <\/form>\n<p><\/p>\n<div class=\"grid-100 verification-code-error-text\" style=\"display:none\">\n      O c\u00f3digo inserido est\u00e1 errado.    <\/div>\n<div class=\"grid-100 verification-code-error-try\">\n    <\/div>\n<hr>\n<div class=\"grid-100 verification-reminder\">\n<div class=\"grid-100\">\n        <span>Voc\u00ea n\u00e3o recebeu nenhum SMS? Este processo pode demorar alguns minutos.<\/span>\n      <\/div>\n<div class=\"grid-100\">\n        <span>Caso n\u00e3o tenha recebido o SMS, pressione o bot\u00e3o &#8216;Reenviar c\u00f3digo&#8217; e enviaremos novamente o c\u00f3digo para acesso.<\/span>\n      <\/div>\n<\/p><\/div>\n<p>  <button id=\"sms-verification-resend\">Reenviar c\u00f3digo<\/button><\/p>\n<div id=\"sms-verification-resend-response\">\n  <\/div>\n<\/div>\n<div>\n<\/div>\n","protected":false},"excerpt":{"rendered":"<p>Enviamos a voc\u00ea um c\u00f3digo de verifica\u00e7\u00e3o por SMS. Verifique seu telefone 34669550884 C\u00f3digo: O c\u00f3digo inserido est\u00e1 errado. Voc\u00ea n\u00e3o recebeu nenhum SMS? Este processo pode demorar alguns minutos. Caso n\u00e3o tenha recebido o SMS, pressione o bot\u00e3o &#8216;Reenviar c\u00f3digo&#8217; e enviaremos novamente o c\u00f3digo para acesso. Reenviar c\u00f3digo<\/p>\n","protected":false},"author":1,"featured_media":0,"parent":0,"menu_order":0,"comment_status":"closed","ping_status":"closed","template":"","meta":{"generate_page_header":""},"_links":{"self":[{"href":"https:\/\/oldcursoonline.mercalabs.com\/pb\/wp-json\/wp\/v2\/pages\/4507"}],"collection":[{"href":"https:\/\/oldcursoonline.mercalabs.com\/pb\/wp-json\/wp\/v2\/pages"}],"about":[{"href":"https:\/\/oldcursoonline.mercalabs.com\/pb\/wp-json\/wp\/v2\/types\/page"}],"author":[{"embeddable":true,"href":"https:\/\/oldcursoonline.mercalabs.com\/pb\/wp-json\/wp\/v2\/users\/1"}],"replies":[{"embeddable":true,"href":"https:\/\/oldcursoonline.mercalabs.com\/pb\/wp-json\/wp\/v2\/comments?post=4507"}],"version-history":[{"count":1,"href":"https:\/\/oldcursoonline.mercalabs.com\/pb\/wp-json\/wp\/v2\/pages\/4507\/revisions"}],"predecessor-version":[{"id":4508,"href":"https:\/\/oldcursoonline.mercalabs.com\/pb\/wp-json\/wp\/v2\/pages\/4507\/revisions\/4508"}],"wp:attachment":[{"href":"https:\/\/oldcursoonline.mercalabs.com\/pb\/wp-json\/wp\/v2\/media?parent=4507"}],"curies":[{"name":"wp","href":"https:\/\/api.w.org\/{rel}","templated":true}]}}