
{"id":4454,"date":"2020-07-14T06:39:43","date_gmt":"2020-07-14T06:39:43","guid":{"rendered":"https:\/\/online.eurekers.com\/?page_id=4454"},"modified":"2020-07-14T06:58:40","modified_gmt":"2020-07-14T06:58:40","slug":"contacto","status":"publish","type":"page","link":"https:\/\/oldcursoonline.mercalabs.com\/pb\/contacto\/","title":{"rendered":"(Espa\u00f1ol) P\u00e1gina de contacto"},"content":{"rendered":"<div style=\"margin: 50px 15px;\">[contact-form-7 id=&#8221;4453&#8243; title=&#8221;Contact form 1&#8243;]<\/div>\n<div class=\"footer-section\">\n<div class=\"grid-100\">\n<div class=\"grid-20 method\">\n            <img style=\"width:200px; margin-left: -5px;margin-bottom: 10px\" src=\"\/wp-content\/plugins\/eurekers-course\/images\/logo-eurekers-blancototal.png\"><\/p>\n<p style=\"color:grey\">Aprender a investir na Bolsa com o m\u00e9todo mais simples, eficiente e que consome menos tempo.<\/p>\n<\/p><\/div>\n<div class=\"grid-20 anchors\">\n            <a href=\"#what-will-i-learn-section\">O que eu vou aprender?<\/a><br \/>\n            <a href=\"#why-eurekers-section\">Por que com EUREKERS?<\/a><br \/>\n            <a href=\"#lessons-plan-section\">Plano de estudos<\/a><br \/>\n            <a href=\"#teachers-section\">Professor<\/a><br \/>\n            <a href=\"#opinions-section\">O que nossos alunos dizem?<\/a><br \/>\n            <a href=\"#investment-tools-section\">Ferramentas de investimento<\/a><br \/>\n            <a href=\"#faq-section\">Perguntas frequentes<\/a>\n        <\/div>\n<div class=\"grid-20 legal\">\n            <a href=\"\/terms-of-service\" target=\"_blank\">Condi\u00e7\u00f5es de servi\u00e7o<\/a><br \/>\n            <a href=\"\/privacy-policy\" target=\"_blank\">Pol\u00edtica de privacidade<\/a><br \/>\n            <a href=\"\/contacto\" target=\"_blank\">Contato<\/a>\n        <\/div>\n<div class=\"grid-40 awards-section\">\n<div class=\"grid-100\">\n<div class=\"grid-50\">\n                    <img class=\"award-pic\" src=\"\/wp-content\/plugins\/eurekers-course\/images\/latinoamerica.png\" alt=\"Stock finder picture\"><br \/>\n                    <span style=\"color:#fff;line-height: 12px;margin-top: 30px;width: 150px;\">PR\u00caMIO DE MELHOR CURSO DE BOLSA DE VALORES DA AM\u00c9RICA LATINA<\/span>\n                <\/div>\n<div class=\"grid-50\">\n                    <img class=\"award-pic\" src=\"\/wp-content\/plugins\/eurekers-course\/images\/europa.png\" alt=\"Stock finder picture\"><br \/>\n                    <span style=\"color:#fff;line-height: 12px;margin-top: 30px;width: 150px;\">PR\u00caMIO DE MELHOR CURSO EUROPEU DE BOLSA DE VALORES<\/span>\n                <\/div>\n<\/p><\/div>\n<div class=\"grid-100\">\n<div class=\"grid-50\" style=\"margin-top: 50px;margin-left:25%\">\n                    <img class=\"award-pic\" src=\"\/wp-content\/plugins\/eurekers-course\/images\/european_logo.png\" alt=\"Stock finder picture\"><br \/>\n                    <span>REVISTA THE EUROPEAN<\/span><br \/>\n                    <span style=\"color:#fff;margin-top: 20px;margin-left: -40px;line-height: 12px;width: 180px;\"><br \/>\n                        PR\u00caMIO DE MELHOR CURSO EUROPEU DE BOLSA DE VALORES                    <\/span>\n                <\/div>\n<\/p><\/div>\n<\/p><\/div>\n<\/p><\/div>\n<\/div>\n<div class=\"site-footer\">\n<footer class=\"site-info\" itemtype=\"https:\/\/schema.org\/WPFooter\" itemscope=\"\">\n<div class=\"inside-site-info \">\n<div class=\"copyright-bar\">\n\t\t\t\t\t\t\t\t\t<\/div>\n<\/p><\/div>\n<\/footer>\n<p><!-- .site-info -->\n\t\t<\/div>\n","protected":false},"excerpt":{"rendered":"<p>[contact-form-7 id=&#8221;4453&#8243; title=&#8221;Contact form 1&#8243;] Aprender a investir na Bolsa com o m\u00e9todo mais simples, eficiente e que consome menos tempo. O que eu vou aprender? Por que com EUREKERS? Plano de estudos Professor O que nossos alunos dizem? Ferramentas de investimento Perguntas frequentes Condi\u00e7\u00f5es de servi\u00e7o Pol\u00edtica de privacidade Contato PR\u00caMIO DE MELHOR CURSO &#8230; <a title=\"(Espa\u00f1ol) P\u00e1gina de contacto\" class=\"read-more\" href=\"https:\/\/oldcursoonline.mercalabs.com\/pb\/contacto\/\">Ler mais <span class=\"screen-reader-text\">(Espa\u00f1ol) P\u00e1gina de contacto<\/span><\/a><\/p>\n","protected":false},"author":91,"featured_media":0,"parent":0,"menu_order":0,"comment_status":"closed","ping_status":"closed","template":"","meta":{"generate_page_header":""},"_links":{"self":[{"href":"https:\/\/oldcursoonline.mercalabs.com\/pb\/wp-json\/wp\/v2\/pages\/4454"}],"collection":[{"href":"https:\/\/oldcursoonline.mercalabs.com\/pb\/wp-json\/wp\/v2\/pages"}],"about":[{"href":"https:\/\/oldcursoonline.mercalabs.com\/pb\/wp-json\/wp\/v2\/types\/page"}],"author":[{"embeddable":true,"href":"https:\/\/oldcursoonline.mercalabs.com\/pb\/wp-json\/wp\/v2\/users\/91"}],"replies":[{"embeddable":true,"href":"https:\/\/oldcursoonline.mercalabs.com\/pb\/wp-json\/wp\/v2\/comments?post=4454"}],"version-history":[{"count":5,"href":"https:\/\/oldcursoonline.mercalabs.com\/pb\/wp-json\/wp\/v2\/pages\/4454\/revisions"}],"predecessor-version":[{"id":4459,"href":"https:\/\/oldcursoonline.mercalabs.com\/pb\/wp-json\/wp\/v2\/pages\/4454\/revisions\/4459"}],"wp:attachment":[{"href":"https:\/\/oldcursoonline.mercalabs.com\/pb\/wp-json\/wp\/v2\/media?parent=4454"}],"curies":[{"name":"wp","href":"https:\/\/api.w.org\/{rel}","templated":true}]}}