
{"id":4353,"date":"2020-05-26T11:14:04","date_gmt":"2020-05-26T11:14:04","guid":{"rendered":"https:\/\/online.eurekers.com\/?page_id=4353"},"modified":"2021-06-29T11:39:51","modified_gmt":"2021-06-29T11:39:51","slug":"eurekers-user-logout","status":"publish","type":"page","link":"https:\/\/oldcursoonline.mercalabs.com\/pb\/eurekers-user-logout\/","title":{"rendered":"Logout page"},"content":{"rendered":"<div class=\"eurekers-course-custom-user-logout-page\">\n<p class=\"title\"><strong>Voc\u00ea est\u00e1 tentando sair do Curso Online Eurekers<\/strong><\/p>\n<p class=\"subtitle\">Voc\u00ea tem certeza que quer?<a href=\"https:\/\/oldcursoonline.mercalabs.com\/wp-login.php?action=logout&amp;_wpnonce=e44e61817c\"> saia?<\/a><\/p>\n<div>\n","protected":false},"excerpt":{"rendered":"<p>Voc\u00ea est\u00e1 tentando sair do Curso Online Eurekers Voc\u00ea tem certeza que quer? saia?<\/p>\n","protected":false},"author":91,"featured_media":0,"parent":0,"menu_order":0,"comment_status":"closed","ping_status":"closed","template":"","meta":{"generate_page_header":""},"_links":{"self":[{"href":"https:\/\/oldcursoonline.mercalabs.com\/pb\/wp-json\/wp\/v2\/pages\/4353"}],"collection":[{"href":"https:\/\/oldcursoonline.mercalabs.com\/pb\/wp-json\/wp\/v2\/pages"}],"about":[{"href":"https:\/\/oldcursoonline.mercalabs.com\/pb\/wp-json\/wp\/v2\/types\/page"}],"author":[{"embeddable":true,"href":"https:\/\/oldcursoonline.mercalabs.com\/pb\/wp-json\/wp\/v2\/users\/91"}],"replies":[{"embeddable":true,"href":"https:\/\/oldcursoonline.mercalabs.com\/pb\/wp-json\/wp\/v2\/comments?post=4353"}],"version-history":[{"count":4,"href":"https:\/\/oldcursoonline.mercalabs.com\/pb\/wp-json\/wp\/v2\/pages\/4353\/revisions"}],"predecessor-version":[{"id":4833,"href":"https:\/\/oldcursoonline.mercalabs.com\/pb\/wp-json\/wp\/v2\/pages\/4353\/revisions\/4833"}],"wp:attachment":[{"href":"https:\/\/oldcursoonline.mercalabs.com\/pb\/wp-json\/wp\/v2\/media?parent=4353"}],"curies":[{"name":"wp","href":"https:\/\/api.w.org\/{rel}","templated":true}]}}