
{"id":2244,"date":"2019-10-15T08:45:59","date_gmt":"2019-10-15T08:45:59","guid":{"rendered":"http:\/\/0.0.0.0:8085\/?page_id=2244"},"modified":"2019-12-03T12:37:36","modified_gmt":"2019-12-03T12:37:36","slug":"eurekers-online-course","status":"publish","type":"page","link":"https:\/\/oldcursoonline.mercalabs.com\/pb\/eurekers-online-course\/","title":{"rendered":"Eurekers Online Course"},"content":{"rendered":"<p><\/p>\n<div class=\"grid-100 header-content landing-section\">\n<div class=\"grid-10\">\n    <\/div>\n<div class=\"grid-55\">\n<h1>CURSO DE BOLSA ONLINE<\/h1>\n<p>\n        <span>Em breve<\/span>\n    <\/div>\n<div class=\"grid-25\">\n<div>\n        Lamentamos, mas no momento n\u00e3o oferecemos o curso em seu pa\u00eds. Se voc\u00ea est\u00e1 interessado neste curso online, preencha o formul\u00e1rio e entraremos em contato assim que o curso for oferecido.        <\/div>\n<div id=\"course_online_landing_form\"><p class=\"error-message\" style=\"font-size:22px\"><\/p><form id=\"other-countries-landing\" action=\"\/pb\/wp-json\/wp\/v2\/pages\/2244\" method=\"post\"><p><input id=\"user-name\" required class=\"user-name\" placeholder=\"Teu nome *\" type=\"text\" name=\"cf-name\" pattern=\"[a-zA-Z0-9 ]+\" value=\"\" size=\"40\" \/><\/p><p><input id=\"user-email\" required class=\"user-email\" placeholder=\"Seu email *\" type=\"email\" name=\"cf-email\" value=\"\" size=\"40\" \/><\/p><p><div class=\"form-element-submit\"><button name=\"cf-submitted\">Enviar<\/button><\/div><\/form><\/div><\/div>\n<div class=\"grid-10\">\n    <\/div>\n<\/div>\n<div class=\"other-country-landing-content\">\n<div class=\"grid-100 features-section landing-section\">\n<div class=\"grid-25\">\n<div>\n                <i class=\"fas fa-video\"><\/i><br \/>\n                <br \/>\n                <span class=\"features-subtitle\">71 clases en video<\/span><br \/>\n                <span>Tantas veces como necesites<\/span>\n            <\/div>\n<\/p><\/div>\n<div class=\"grid-25\">\n<div>\n                <i class=\"far fa-clock\"><\/i><br \/>\n                <br \/>\n                <span class=\"features-subtitle\">30 ejercicios pr\u00e1cticos<\/span><br \/>\n                <span>aprender efetivamente<\/span>\n            <\/div>\n<\/p><\/div>\n<div class=\"grid-25\">\n<div>\n                <i class=\"fas fa-trophy\"><\/i><br \/>\n                <br \/>\n                <span class=\"features-subtitle\">Certificado<\/span><br \/>\n                <span>do curso online EUREKERS<\/span>\n            <\/div>\n<\/p><\/div>\n<div class=\"grid-25\">\n<div>\n                <i class=\"fas fa-wrench\"><\/i><br \/>\n                <br \/>\n                <span class=\"features-subtitle\">Ferramentas de investimento<\/span><br \/>\n                <span>Assinatura de 1 m\u00eas<\/span>\n            <\/div>\n<\/p><\/div>\n<\/p><\/div>\n<div class=\"grid-100 what-to-learn-section landing-section\">\n<div class=\"grid-100 what-to-learn-title\">\n<h2>O que vou aprender?<\/h2>\n<\/p><\/div>\n<div class=\"grid-50 what-to-learn-column left\">\n<div>\n            <span><img style=\"margin: 0;margin-left: -5px;margin-bottom: -5px;margin-right: 5px;\" src=\"\/wp-content\/plugins\/eurekers-course\/images\/icons\/icon2.png\" alt=\"Discover img\"><strong>Economizar tempo<\/strong><\/span><br \/>\n            <br \/>\n            <span>Facilita o processo de investimento<\/span><\/p>\n<p>            <span><img style=\"margin: 0;margin-left: -5px;margin-bottom: -5px;margin-right: 5px;\" src=\"\/wp-content\/plugins\/eurekers-course\/images\/icons\/icon5.png\" alt=\"Discover img\"><strong>Controle de risco<\/strong><\/span><br \/>\n            <br \/>\n            <span>Controle o risco por opera\u00e7\u00e3o e o risco global do seu portf\u00f3lio<\/span><\/p>\n<p>            <span><img style=\"margin: 0;margin-left: -5px;margin-bottom: -5px;margin-right: 5px;\" src=\"\/wp-content\/plugins\/eurekers-course\/images\/icons\/icon3.png\" alt=\"Discover img\"><strong>Obter lucros<\/strong><\/span><br \/>\n            <br \/>\n            <span>Identifique as melhores a\u00e7\u00f5es para lucrar<\/span>\n            <\/div>\n<\/p><\/div>\n<div class=\"grid-50 what-to-learn-column right\">\n<div>\n            <span><img style=\"margin: 0;margin-left: -5px;margin-bottom: -5px;margin-right: 5px;\" src=\"\/wp-content\/plugins\/eurekers-course\/images\/icons\/icon4.png\" alt=\"Discover img\"><strong>Psicologia<\/strong><\/span><br \/>\n            <br \/>\n            <span>Aprenda a controlar suas emo\u00e7\u00f5es<\/span><\/p>\n<p>            <span><img style=\"margin: 0;margin-left: -5px;margin-bottom: -5px;margin-right: 5px;\" src=\"\/wp-content\/plugins\/eurekers-course\/images\/icons\/icon6.png\" alt=\"Discover img\"><strong>Encontrar<\/strong><\/span><br \/>\n            <br \/>\n            <span>Detecte o melhor momento para comprar ou vender<\/span><\/p>\n<p>            <span><img style=\"margin: 0;margin-left: -5px;margin-bottom: -5px;margin-right: 5px;\" src=\"\/wp-content\/plugins\/eurekers-course\/images\/icons\/icon1.png\" alt=\"Discover img\"><strong>Tomar beneficios<\/strong><\/span><br \/>\n            <br \/>\n            <span>Identifique as melhores a\u00e7\u00f5es para obter um grande lucro<\/span>\n            <\/div>\n<\/p><\/div>\n<\/p><\/div>\n<div class=\"grid-100 teacher-section landing-section\">\n<div class=\"grid-40\">\n            <img loading=\"lazy\" class=\"alignnone\" src=\"\/wp-content\/uploads\/2018\/07\/eurekers-online-jose-antonio.png\" alt=\"Jose Antonio Madrigal is your future stock market's teacher. He is an hedge fund manager and the creator of Eurekers, a brand with the largest community of private investors in Europe. More than 4000 people take profit of their investments with us.\" width=\"283\" height=\"288\" \/>\n        <\/div>\n<div class=\"grid-60\">\n<h2 style=\"font-size:60px\">Jos\u00e9 Antonio <span style=\"color: #00add9;\">Madrigal<\/span><\/h2>\n<p>\n            Jos\u00e9 Antonio Madrigal, fundador do Eurekers, tinha como objetivo, desde 2008, ensinar sua metodologia de investimento em bolsa a todos os investidores interessados. Desde ent\u00e3o, j\u00e1 treinou mais de 20.000 pessoas de todos os perfis e nacionalidades. Tamb\u00e9m ganhou, em 2013, o Pr\u00eamio IAIR da Bolsa de Valores de Mil\u00e3o por Excel\u00eancia Internacional em Gest\u00e3o de Risco de Fundos Hedge.            <\/p>\n<p>\n            Tiene publicados cuatro libros que han alcanzado un notable \u00e9xito de ventas: \u201cG\u00e1nate y ganar\u00e1s en bolsa\u201d (2010), \u201cUn monje en Wall Street\u201d (2013), \u201cEl peque\u00f1o libro de la inversi\u00f3n en bolsa\u201d (2017) e \u201cInvertir en bolsa con sentido com\u00fan\u201d (2018).            <\/p>\n<\/p><\/div>\n<\/p><\/div>\n<div class=\"grid-100 lesson-plan-section landing-section\">\n<h2>Plano de estudo<\/h2>\n<div class=\"grid-25\">\n<h3>Psychology<\/h3>\n<ul>\n<li>Successful Investor Psychology<\/li>\n<li>Be aware of the unconscious<\/li>\n<li>Change the vision of the bag<\/li>\n<li>Test 1<\/li>\n<li>What is the quick way to know if a business works or not?<\/li>\n<li>Test 2<\/li>\n<li>Stock scams<\/li>\n<li>Variables<\/li>\n<li>Bag is true or future expectation<\/li>\n<li>Expensive or cheap does not exist in the stock market<\/li>\n<li>Conscious against unconscious<\/li>\n<li>Test 3<\/li>\n<li>Let&#8217;s recognize that we are fools<\/li>\n<li>Tale: frogs and milk bucket<\/li>\n<li>Successful actions<\/li>\n<li>Exam<\/li>\n<\/ul>\n<p><\/p>\n<h3>Risk management<\/h3>\n<ul>\n<li>Introduction to risk management<\/li>\n<li>Risk management by operation<\/li>\n<li>Risk Control by operation<\/li>\n<li>Global Portfolio Risk<\/li>\n<li>Risks per operation according to capital<\/li>\n<li>Diversify correctly<\/li>\n<li>Real capital<\/li>\n<li>Calculate the Real Capital<\/li>\n<li>The numbers go against us exponentially.<\/li>\n<li>Exam<\/li>\n<\/ul><\/div>\n<div class=\"grid-25\">\n<h3>METHODOLOGY<\/h3>\n<ul>\n<li>Introduction to the methodology<\/li>\n<li>Negotiation screen<\/li>\n<li>Orders to brokers<\/li>\n<li>Test 4<\/li>\n<li>Bars<\/li>\n<li>Monthly Bars<\/li>\n<li>Why monthly bars?<\/li>\n<li>Strategy<\/li>\n<li>Resistors<\/li>\n<li>Strategy ii<\/li>\n<li>Brackets<\/li>\n<li>Why historical maximum?<\/li>\n<li>Go public and go down in price<\/li>\n<li>Levels<\/li>\n<li>Test 5<\/li>\n<li>Levels II<\/li>\n<li>Test 6<\/li>\n<li>Big companies also go bankrupt<\/li>\n<li>Story: poor and rich<\/li>\n<li>Representation: resistance and support<\/li>\n<li>Analysis of a graph.<\/li>\n<li>Resistances and Supports<\/li>\n<\/ul>\n<p><\/p>\n<h3>METHODOLOGY II<\/h3>\n<ul>\n<li>Introduction to the rules<\/li>\n<li>Rules to follow<\/li>\n<li>Where to place the stop<\/li>\n<li>Special case<\/li>\n<li>Summary of the rules<\/li>\n<\/ul><\/div>\n<div class=\"grid-25\">\n<h3>METHODOLOGY III<\/h3>\n<ul>\n<li>Exceptions<\/li>\n<li>Does it comply with the methodology?<\/li>\n<li>How to look at the volume?<\/li>\n<li>Exceptions II<\/li>\n<li>Test 7<\/li>\n<li>Exceptions III<\/li>\n<li>Test 8<\/li>\n<li>Summary of Exceptions<\/li>\n<\/ul>\n<p><\/p>\n<h3>PRACTICAL CASES<\/h3>\n<ul>\n<li>Story: walking and learning<\/li>\n<li>Questions to ask before an operation<\/li>\n<li>How are we going to practice?<\/li>\n<li>Real case: irtb<\/li>\n<li>Practice: irtb<\/li>\n<li>Real case: bmw<\/li>\n<li>Practice: bmw<\/li>\n<li>Explanation of complete exercises<\/li>\n<li>Full practices<\/li>\n<li>Shared Intervals<\/li>\n<li>Real case: deutche borse<\/li>\n<li>Practice: Deutche Borse<\/li>\n<li>Real case: ferrari<\/li>\n<li>Ferrari practice<\/li>\n<li>Buy high volume shares.<\/li>\n<\/ul><\/div>\n<div class=\"grid-25\">\n<h3>SURROUNDING BARS<\/h3>\n<ul>\n<li>Introduction to envelope bars<\/li>\n<li>Wraps<\/li>\n<li>Test 9<\/li>\n<li>Actual cases of enveloping bars<\/li>\n<li>How to detect fast envelopes?<\/li>\n<li>Fast or slow envelope?<\/li>\n<li>Envelope Summary<\/li>\n<li>Read graphics from right to left?<\/li>\n<li>Test 10<\/li>\n<li>Explanation of graph reading exercises.<\/li>\n<li>Test 11<\/li>\n<\/ul>\n<p><\/p>\n<h3>BROKER<\/h3>\n<ul>\n<li>How to put orders in the broker<\/li>\n<li>Execute Orders<\/li>\n<li>Computer programs to use<\/li>\n<li>Broker recommendation how to choose broker?<\/li>\n<li>Exam<\/li>\n<\/ul>\n<p><\/p>\n<h3>TOOLS<\/h3>\n<ul>\n<li>Introduction to the tools<\/li>\n<li>Investment platform<\/li>\n<li>Stock finder<\/li>\n<li>Plotter<\/li>\n<li>Directionality<\/li>\n<li>Risk management tools<\/li>\n<li>Control Panel<\/li>\n<li>Exercises<\/li>\n<li>Farewell<\/li>\n<li>Advanced training<\/li>\n<\/ul><\/div>\n<\/p><\/div>\n<div class=\"grid-100 next-courses-section landing-section\">\n<h2>Pr\u00f3ximos cursos presenciais<\/h2>\n<h3>\n        Durante todos esses anos conclu\u00edmos nosso curso em mais de 26 cidades. Quer participar de um de nossos editais? O Eurekers tem como eixo central um m\u00e9todo simples e l\u00f3gico de investimento a m\u00e9dio e longo prazo onde a psicologia do investimento desempenha um papel importante. muito importante.        <\/h3>\n<h3>\n            <strong><br \/>\n            Fique ligado nas pr\u00f3ximas liga\u00e7\u00f5es            <\/strong><br \/>\n        <\/h3>\n<p>        <a href=\"https:\/\/www.eurekers.com\/curso-de-bolsa\"><button>Veja os pr\u00f3ximos cursos<\/button><\/a>\n    <\/div>\n<div class=\"grid-100 our-students-section landing-section\">\n<div class=\"grid-100\">\n<h2>Nossos estudantes<\/h2>\n<\/p><\/div>\n<div class=\"grid-30\">\n            <span class=\"our-students-data\">83%<\/span><br \/>\n            <span class=\"our-students-info\">Homem<\/span>\n        <\/div>\n<div class=\"grid-30\">\n            <span class=\"our-students-data\">17%<\/span><br \/>\n            <span class=\"our-students-info\">Mulheres<\/span>\n        <\/div>\n<div class=\"grid-30\">\n            <span class=\"our-students-data\">37<\/span><br \/>\n            <span class=\"our-students-info\">Idade media<\/span>\n        <\/div>\n<\/p><\/div>\n<\/div>\n<div class=\"footer\">\n<div class=\"grid-10\"><\/div>\n<div class=\"grid-50\">\n    <span>\u00a9 Eurekers 2018-2019 All rights reserved &#8211; <\/span><a href=\"\/terms-of-service\">Terms of Service<\/a> &#8211; <a href=\"\/privacy-policy\">Privacy policy<\/a>\n    <\/div>\n<div class=\"grid-30\">\n    Any doubt? Contact us in eurekers@eurekers.com\n    <\/div>\n<div class=\"grid-10\"><\/div>\n<\/div>\n<p><\/p>","protected":false},"excerpt":{"rendered":"<p>CURSO DE BOLSA ONLINE Em breve Lamentamos, mas no momento n\u00e3o oferecemos o curso em seu pa\u00eds. Se voc\u00ea est\u00e1 interessado neste curso online, preencha o formul\u00e1rio e entraremos em contato assim que o curso for oferecido. Enviar 71 clases en video Tantas veces como necesites 30 ejercicios pr\u00e1cticos aprender efetivamente Certificado do curso online &#8230; <a title=\"Eurekers Online Course\" class=\"read-more\" href=\"https:\/\/oldcursoonline.mercalabs.com\/pb\/eurekers-online-course\/\">Ler mais <span class=\"screen-reader-text\">Eurekers Online Course<\/span><\/a><\/p>\n","protected":false},"author":1,"featured_media":0,"parent":0,"menu_order":0,"comment_status":"closed","ping_status":"closed","template":"","meta":{"generate_page_header":""},"_links":{"self":[{"href":"https:\/\/oldcursoonline.mercalabs.com\/pb\/wp-json\/wp\/v2\/pages\/2244"}],"collection":[{"href":"https:\/\/oldcursoonline.mercalabs.com\/pb\/wp-json\/wp\/v2\/pages"}],"about":[{"href":"https:\/\/oldcursoonline.mercalabs.com\/pb\/wp-json\/wp\/v2\/types\/page"}],"author":[{"embeddable":true,"href":"https:\/\/oldcursoonline.mercalabs.com\/pb\/wp-json\/wp\/v2\/users\/1"}],"replies":[{"embeddable":true,"href":"https:\/\/oldcursoonline.mercalabs.com\/pb\/wp-json\/wp\/v2\/comments?post=2244"}],"version-history":[{"count":8,"href":"https:\/\/oldcursoonline.mercalabs.com\/pb\/wp-json\/wp\/v2\/pages\/2244\/revisions"}],"predecessor-version":[{"id":3560,"href":"https:\/\/oldcursoonline.mercalabs.com\/pb\/wp-json\/wp\/v2\/pages\/2244\/revisions\/3560"}],"wp:attachment":[{"href":"https:\/\/oldcursoonline.mercalabs.com\/pb\/wp-json\/wp\/v2\/media?parent=2244"}],"curies":[{"name":"wp","href":"https:\/\/api.w.org\/{rel}","templated":true}]}}