
{"id":2237,"date":"2019-10-14T11:37:56","date_gmt":"2019-10-14T11:37:56","guid":{"rendered":"http:\/\/0.0.0.0:8085\/?page_id=2237"},"modified":"2019-12-23T17:36:53","modified_gmt":"2019-12-23T17:36:53","slug":"purchase-summary","status":"publish","type":"page","link":"https:\/\/oldcursoonline.mercalabs.com\/pb\/purchase-summary\/","title":{"rendered":"(Espa\u00f1ol) Resumen de compra"},"content":{"rendered":"<p><\/p>\n<div class=\"logo\">\n    <a href=\"\/user-profile\"><img width=\"200px\" src=\"https:\/\/tools.eurekers.com\/sites\/all\/themes\/Porto_sub\/img\/logo-eurekers.png\"><\/a>\n<\/div>\n<div class=\"grid-100 purchase-summary\">\n<p class=\"title\">Resumo da compra:<\/p>\n<div class=\"grid-20\">\n<div class=\"grid-100\"><label>Primeiro nome<\/label><\/div>\n<div class=\"grid-100\">PAULA<\/div>\n<p><\/p>\n<div class=\"grid-100\"><label>Endere\u00e7o de cobran\u00e7a<\/label><\/div>\n<div class=\"grid-100\">CALLE HELSINKI<\/div>\n<p><\/p>\n<div class=\"grid-100\"><label>Pa\u00eds<\/label><\/div>\n<div class=\"grid-100\">Espa\u00f1a<\/div>\n<p><\/p>\n<div class=\"grid-100\"><label>Pre\u00e7o pago<\/label><\/div>\n<div class=\"grid-100\">5<\/div>\n<\/p><\/div>\n<div class=\"grid-50\">\n<div class=\"grid-100\"><label>Sobrenome<\/label><\/div>\n<div class=\"grid-100\">TUDON<\/div>\n<p><\/p>\n<div class=\"grid-100\"><label>C\u00f3digo postal<\/label><\/div>\n<div class=\"grid-100\">46900<\/div>\n<p><\/p>\n<div class=\"grid-100\"><label>CIF \/ NIF \/ VAT number<\/label><\/div>\n<div class=\"grid-100\">12345678Z<\/div>\n<p><\/p>\n<div class=\"grid-100\"><label>Pagou<\/label><\/div>\n<div class=\"grid-100\">CURSO ONLINE EUREKERS: US<\/div>\n<\/p><\/div>\n<\/div>\n<p><\/p>","protected":false},"excerpt":{"rendered":"<p>Resumo da compra: Primeiro nome PAULA Endere\u00e7o de cobran\u00e7a CALLE HELSINKI Pa\u00eds Espa\u00f1a Pre\u00e7o pago 5 Sobrenome TUDON C\u00f3digo postal 46900 CIF \/ NIF \/ VAT number 12345678Z Pagou CURSO ONLINE EUREKERS: US<\/p>\n","protected":false},"author":1,"featured_media":0,"parent":0,"menu_order":0,"comment_status":"closed","ping_status":"closed","template":"","meta":{"generate_page_header":""},"_links":{"self":[{"href":"https:\/\/oldcursoonline.mercalabs.com\/pb\/wp-json\/wp\/v2\/pages\/2237"}],"collection":[{"href":"https:\/\/oldcursoonline.mercalabs.com\/pb\/wp-json\/wp\/v2\/pages"}],"about":[{"href":"https:\/\/oldcursoonline.mercalabs.com\/pb\/wp-json\/wp\/v2\/types\/page"}],"author":[{"embeddable":true,"href":"https:\/\/oldcursoonline.mercalabs.com\/pb\/wp-json\/wp\/v2\/users\/1"}],"replies":[{"embeddable":true,"href":"https:\/\/oldcursoonline.mercalabs.com\/pb\/wp-json\/wp\/v2\/comments?post=2237"}],"version-history":[{"count":6,"href":"https:\/\/oldcursoonline.mercalabs.com\/pb\/wp-json\/wp\/v2\/pages\/2237\/revisions"}],"predecessor-version":[{"id":3575,"href":"https:\/\/oldcursoonline.mercalabs.com\/pb\/wp-json\/wp\/v2\/pages\/2237\/revisions\/3575"}],"wp:attachment":[{"href":"https:\/\/oldcursoonline.mercalabs.com\/pb\/wp-json\/wp\/v2\/media?parent=2237"}],"curies":[{"name":"wp","href":"https:\/\/api.w.org\/{rel}","templated":true}]}}