
{"id":2167,"date":"2019-06-27T09:15:46","date_gmt":"2019-06-27T09:15:46","guid":{"rendered":"http:\/\/0.0.0.0:8085\/?page_id=2167"},"modified":"2019-06-28T09:42:20","modified_gmt":"2019-06-28T09:42:20","slug":"language-error-page","status":"publish","type":"page","link":"https:\/\/oldcursoonline.mercalabs.com\/pb\/language-error-page\/","title":{"rendered":"Language Error Page"},"content":{"rendered":"<div class=\"grid-100 error-page\" style=\"text-align:center\">\n<div class=\"grid-100\">\n<h2> Voc\u00ea est\u00e1 tentando acessar este conte\u00fado em um idioma no qual n\u00e3o se registrou <\/h2>\n<\/p><\/div>\n<div class=\"grid-100 access-error-message\">\n        <span> Pressione o bot\u00e3o para retornar ao seu usu\u00e1rio no idioma apropriado <\/span>\n    <\/div>\n<p><\/p>\n<hr>\n<p><\/p>\n<div class=\"grid-100\">\n        <a href=\"\"><br \/>\n            <button>Voltar ao seu idioma<\/button><br \/>\n        <\/a>\n    <\/div>\n<\/div>\n","protected":false},"excerpt":{"rendered":"<p>Voc\u00ea est\u00e1 tentando acessar este conte\u00fado em um idioma no qual n\u00e3o se registrou Pressione o bot\u00e3o para retornar ao seu usu\u00e1rio no idioma apropriado Voltar ao seu idioma<\/p>\n","protected":false},"author":1,"featured_media":0,"parent":0,"menu_order":0,"comment_status":"closed","ping_status":"closed","template":"","meta":{"generate_page_header":""},"_links":{"self":[{"href":"https:\/\/oldcursoonline.mercalabs.com\/pb\/wp-json\/wp\/v2\/pages\/2167"}],"collection":[{"href":"https:\/\/oldcursoonline.mercalabs.com\/pb\/wp-json\/wp\/v2\/pages"}],"about":[{"href":"https:\/\/oldcursoonline.mercalabs.com\/pb\/wp-json\/wp\/v2\/types\/page"}],"author":[{"embeddable":true,"href":"https:\/\/oldcursoonline.mercalabs.com\/pb\/wp-json\/wp\/v2\/users\/1"}],"replies":[{"embeddable":true,"href":"https:\/\/oldcursoonline.mercalabs.com\/pb\/wp-json\/wp\/v2\/comments?post=2167"}],"version-history":[{"count":2,"href":"https:\/\/oldcursoonline.mercalabs.com\/pb\/wp-json\/wp\/v2\/pages\/2167\/revisions"}],"predecessor-version":[{"id":2169,"href":"https:\/\/oldcursoonline.mercalabs.com\/pb\/wp-json\/wp\/v2\/pages\/2167\/revisions\/2169"}],"wp:attachment":[{"href":"https:\/\/oldcursoonline.mercalabs.com\/pb\/wp-json\/wp\/v2\/media?parent=2167"}],"curies":[{"name":"wp","href":"https:\/\/api.w.org\/{rel}","templated":true}]}}