
{"id":1379,"date":"2019-05-21T08:42:38","date_gmt":"2019-05-21T08:42:38","guid":{"rendered":"http:\/\/0.0.0.0:8085\/?page_id=1379"},"modified":"2019-06-28T08:07:47","modified_gmt":"2019-06-28T08:07:47","slug":"access-error-page","status":"publish","type":"page","link":"https:\/\/oldcursoonline.mercalabs.com\/pb\/access-error-page\/","title":{"rendered":"Access error page"},"content":{"rendered":"<div class=\"login-form-group\" style=\"display:none;\">\n<div class=\"login-form-background\"><\/div>\n<div class=\"login-form-container\">\n<div class=\"form-element-close\"><i class=\"fas fa-times\"><\/i><\/div>\n<div class=\"login-picture-container\">\n            <img id=\"login-picture\" src=\"\/wp-content\/uploads\/2018\/10\/logo-eurekers-sticky.png\" alt=\"Eurekers logo\">\n          <\/div>\n<form name=\"loginform\" id=\"loginform\" action=\"https:\/\/oldcursoonline.mercalabs.com\/wp-login.php\" method=\"post\">\n<p class=\"login-username\">\n\t\t\t\t<label for=\"user_login\"><\/label><br \/>\n\t\t\t\t<input type=\"text\" name=\"log\" placeholder=\"Email ou usu\u00e1rio\" id=\"user_login\" class=\"input\" value=\"\" size=\"20\" \/>\n\t\t\t<\/p>\n<p class=\"login-password\">\n\t\t\t\t<label for=\"user_pass\"><\/label><br \/>\n\t\t\t\t<input type=\"password\" name=\"pwd\" placeholder=\"Senha\" id=\"user_pass\" class=\"input\" value=\"\" size=\"20\" \/>\n\t\t\t<\/p>\n<p class=\"login-submit\">\n\t\t\t\t<input type=\"submit\" name=\"wp-submit\" id=\"wp-submit\" class=\"button button-primary\" value=\"Acessar\" \/><br \/>\n\t\t\t\t<input type=\"hidden\" name=\"redirect_to\" value=\"https:\/\/oldcursoonline.mercalabs.com\/pb\/wp-json\/wp\/v2\/pages\/1379\" \/>\n\t\t\t<\/p>\n<\/p><\/form>\n<div style=\"text-align:center\">\n            <a id=\"retrieve-password\" href=\"#retrieve-pass\">N\u00e3o lembro minha senha<\/a><br \/>\n            <a style=\"display:none\" id=\"remember-password\" href=\"#remember-pass\">Lembro minha senha<\/a>\n          <\/div>\n<div id=\"restore-form\" style=\"display:none\">\n            <input type=\"text\" id=\"restore-mail\" placeholder=\"E-mail para recuperar a senha\"><\/p>\n<div id=\"restore-response\"><\/div>\n<p>            <button id=\"restore-button\">RECUPERAR SENHA<\/button>\n          <\/div>\n<\/p><\/div>\n<\/p><\/div>\n<div class=\"grid-100 error-page\" style=\"text-align:center\">\n<div class=\"grid-100\">\n<h2> Lamentamos muito <\/h2>\n<\/p><\/div>\n<div class=\"grid-100 access-error-message\">\n<p>mas esse conte\u00fado \u00e9 exclusivo para usu\u00e1rios registrados. Se voc\u00ea quiser ter acesso a essa parte do curso, precisar\u00e1 criar uma conta pessoal a partir desta p\u00e1gina.<\/p>\n<\/p><\/div>\n<div class=\"grid-100\">\n        <button id=\"create-account\">Criar uma conta<\/button><\/p>\n<div id=\"register-form-background\" style=\"display:none\"><\/div>\n<div id=\"register-form\" style=\"display:none\">\n<div class=\"grid-100\">\n        <i id=\"close-register-form\" class=\"fas fa-times\"><\/i><\/p>\n<div class=\"register-form-container\">\n<div class=\"form-element-label header\" style=\"color: #3f3f3f; font-size: 30px; text-align:center;\">REGISTRO<\/div>\n<div class=\"error-message\" id=\"register-email-error\"><\/div>\n<div class=\"form-element-input\"><input type=\"text\" id=\"register-email\" value=\"\" placeholder=\"E-mail\"><\/div>\n<div class=\"error-message\" id=\"register-username-error\"><\/div>\n<div class=\"form-element-input\"><input type=\"text\" id=\"register-username\" value=\"\" placeholder=\"Nome de usu\u00e1rio\"><\/div>\n<div class=\"error-message\" id=\"register-userphone-error\"><\/div>\n<div class=\"form-element-input\">\n<div class=\"grid-50 prefix-input\">\n<select name=\"countryCode\" id=\"callingCode\"><option data-countryCode=\"ES\" value=\"34\">Espa\u00f1a (+34)<\/option><option data-countryCode=\"CL\" value=\"56\">Chile (+56)<\/option><option data-countryCode=\"CO\" value=\"57\">Colombia (+57)<\/option><option data-countryCode=\"MX\" value=\"52\">M&eacute;xico (+52)<\/option><option data-countryCode=\"AR\" value=\"54\">Argentina (+54)<\/option><option data-countryCode=\"PT\" value=\"351\">Portugal (+351)<\/option><optgroup label=\"Otros pa\u00edses\"><option data-countryCode=\"DZ\" value=\"213\">Algeria (+213)<\/option><option data-countryCode=\"AD\" value=\"376\">Andorra (+376)<\/option><option data-countryCode=\"AO\" value=\"244\">Angola (+244)<\/option><option data-countryCode=\"AI\" value=\"1264\">Anguilla (+1264)<\/option><option data-countryCode=\"AG\" value=\"1268\">Antigua &amp; Barbuda (+1268)<\/option><option data-countryCode=\"AM\" value=\"374\">Armenia (+374)<\/option><option data-countryCode=\"AW\" value=\"297\">Aruba (+297)<\/option><option data-countryCode=\"AU\" value=\"61\">Australia (+61)<\/option><option data-countryCode=\"AT\" value=\"43\">Austria (+43)<\/option><option data-countryCode=\"AZ\" value=\"994\">Azerbaijan (+994)<\/option><option data-countryCode=\"BS\" value=\"1242\">Bahamas (+1242)<\/option><option data-countryCode=\"BH\" value=\"973\">Bahrain (+973)<\/option><option data-countryCode=\"BD\" value=\"880\">Bangladesh (+880)<\/option><option data-countryCode=\"BB\" value=\"1246\">Barbados (+1246)<\/option><option data-countryCode=\"BY\" value=\"375\">Belarus (+375)<\/option><option data-countryCode=\"BE\" value=\"32\">Belgium (+32)<\/option><option data-countryCode=\"BZ\" value=\"501\">Belize (+501)<\/option><option data-countryCode=\"BJ\" value=\"229\">Benin (+229)<\/option><option data-countryCode=\"BM\" value=\"1441\">Bermuda (+1441)<\/option><option data-countryCode=\"BT\" value=\"975\">Bhutan (+975)<\/option><option data-countryCode=\"BO\" value=\"591\">Bolivia (+591)<\/option><option data-countryCode=\"BA\" value=\"387\">Bosnia Herzegovina (+387)<\/option><option data-countryCode=\"BW\" value=\"267\">Botswana (+267)<\/option><option data-countryCode=\"BR\" value=\"55\">Brazil (+55)<\/option><option data-countryCode=\"BN\" value=\"673\">Brunei (+673)<\/option><option data-countryCode=\"BG\" value=\"359\">Bulgaria (+359)<\/option><option data-countryCode=\"BF\" value=\"226\">Burkina Faso (+226)<\/option><option data-countryCode=\"BI\" value=\"257\">Burundi (+257)<\/option><option data-countryCode=\"KH\" value=\"855\">Cambodia (+855)<\/option><option data-countryCode=\"CM\" value=\"237\">Cameroon (+237)<\/option><option data-countryCode=\"CA\" value=\"1\">Canada (+1)<\/option><option data-countryCode=\"CV\" value=\"238\">Cape Verde Islands (+238)<\/option><option data-countryCode=\"KY\" value=\"1345\">Cayman Islands (+1345)<\/option><option data-countryCode=\"CF\" value=\"236\">Central African Republic (+236)<\/option><option data-countryCode=\"CN\" value=\"86\">China (+86)<\/option><option data-countryCode=\"KM\" value=\"269\">Comoros (+269)<\/option><option data-countryCode=\"CG\" value=\"242\">Congo (+242)<\/option><option data-countryCode=\"CK\" value=\"682\">Cook Islands (+682)<\/option><option data-countryCode=\"CR\" value=\"506\">Costa Rica (+506)<\/option><option data-countryCode=\"HR\" value=\"385\">Croatia (+385)<\/option><option data-countryCode=\"CU\" value=\"53\">Cuba (+53)<\/option><option data-countryCode=\"CY\" value=\"90392\">Cyprus North (+90392)<\/option><option data-countryCode=\"CY\" value=\"357\">Cyprus South (+357)<\/option><option data-countryCode=\"CZ\" value=\"42\">Czech Republic (+42)<\/option><option data-countryCode=\"DK\" value=\"45\">Denmark (+45)<\/option><option data-countryCode=\"DJ\" value=\"253\">Djibouti (+253)<\/option><option data-countryCode=\"DM\" value=\"1809\">Dominica (+1809)<\/option><option data-countryCode=\"DO\" value=\"1809\">Dominican Republic (+1809)<\/option><option data-countryCode=\"EC\" value=\"593\">Ecuador (+593)<\/option><option data-countryCode=\"EG\" value=\"20\">Egypt (+20)<\/option><option data-countryCode=\"SV\" value=\"503\">El Salvador (+503)<\/option><option data-countryCode=\"GQ\" value=\"240\">Equatorial Guinea (+240)<\/option><option data-countryCode=\"ER\" value=\"291\">Eritrea (+291)<\/option><option data-countryCode=\"EE\" value=\"372\">Estonia (+372)<\/option><option data-countryCode=\"ET\" value=\"251\">Ethiopia (+251)<\/option><option data-countryCode=\"FK\" value=\"500\">Falkland Islands (+500)<\/option><option data-countryCode=\"FO\" value=\"298\">Faroe Islands (+298)<\/option><option data-countryCode=\"FJ\" value=\"679\">Fiji (+679)<\/option><option data-countryCode=\"FI\" value=\"358\">Finland (+358)<\/option><option data-countryCode=\"FR\" value=\"33\">France (+33)<\/option><option data-countryCode=\"GF\" value=\"594\">French Guiana (+594)<\/option><option data-countryCode=\"PF\" value=\"689\">French Polynesia (+689)<\/option><option data-countryCode=\"GA\" value=\"241\">Gabon (+241)<\/option><option data-countryCode=\"GM\" value=\"220\">Gambia (+220)<\/option><option data-countryCode=\"GE\" value=\"7880\">Georgia (+7880)<\/option><option data-countryCode=\"DE\" value=\"49\">Germany (+49)<\/option><option data-countryCode=\"GH\" value=\"233\">Ghana (+233)<\/option><option data-countryCode=\"GI\" value=\"350\">Gibraltar (+350)<\/option><option data-countryCode=\"GR\" value=\"30\">Greece (+30)<\/option><option data-countryCode=\"GL\" value=\"299\">Greenland (+299)<\/option><option data-countryCode=\"GD\" value=\"1473\">Grenada (+1473)<\/option><option data-countryCode=\"GP\" value=\"590\">Guadeloupe (+590)<\/option><option data-countryCode=\"GU\" value=\"671\">Guam (+671)<\/option><option data-countryCode=\"GT\" value=\"502\">Guatemala (+502)<\/option><option data-countryCode=\"GN\" value=\"224\">Guinea (+224)<\/option><option data-countryCode=\"GW\" value=\"245\">Guinea &#8211; Bissau (+245)<\/option><option data-countryCode=\"GY\" value=\"592\">Guyana (+592)<\/option><option data-countryCode=\"HT\" value=\"509\">Haiti (+509)<\/option><option data-countryCode=\"HN\" value=\"504\">Honduras (+504)<\/option><option data-countryCode=\"HK\" value=\"852\">Hong Kong (+852)<\/option><option data-countryCode=\"HU\" value=\"36\">Hungary (+36)<\/option><option data-countryCode=\"IS\" value=\"354\">Iceland (+354)<\/option><option data-countryCode=\"IN\" value=\"91\">India (+91)<\/option><option data-countryCode=\"ID\" value=\"62\">Indonesia (+62)<\/option><option data-countryCode=\"IR\" value=\"98\">Iran (+98)<\/option><option data-countryCode=\"IQ\" value=\"964\">Iraq (+964)<\/option><option data-countryCode=\"IE\" value=\"353\">Ireland (+353)<\/option><option data-countryCode=\"IL\" value=\"972\">Israel (+972)<\/option><option data-countryCode=\"IT\" value=\"39\">Italy (+39)<\/option><option data-countryCode=\"JM\" value=\"1876\">Jamaica (+1876)<\/option><option data-countryCode=\"JP\" value=\"81\">Japan (+81)<\/option><option data-countryCode=\"JO\" value=\"962\">Jordan (+962)<\/option><option data-countryCode=\"KZ\" value=\"7\">Kazakhstan (+7)<\/option><option data-countryCode=\"KE\" value=\"254\">Kenya (+254)<\/option><option data-countryCode=\"KI\" value=\"686\">Kiribati (+686)<\/option><option data-countryCode=\"KP\" value=\"850\">Korea North (+850)<\/option><option data-countryCode=\"KR\" value=\"82\">Korea South (+82)<\/option><option data-countryCode=\"KW\" value=\"965\">Kuwait (+965)<\/option><option data-countryCode=\"KG\" value=\"996\">Kyrgyzstan (+996)<\/option><option data-countryCode=\"LA\" value=\"856\">Laos (+856)<\/option><option data-countryCode=\"LV\" value=\"371\">Latvia (+371)<\/option><option data-countryCode=\"LB\" value=\"961\">Lebanon (+961)<\/option><option data-countryCode=\"LS\" value=\"266\">Lesotho (+266)<\/option><option data-countryCode=\"LR\" value=\"231\">Liberia (+231)<\/option><option data-countryCode=\"LY\" value=\"218\">Libya (+218)<\/option><option data-countryCode=\"LI\" value=\"417\">Liechtenstein (+417)<\/option><option data-countryCode=\"LT\" value=\"370\">Lithuania (+370)<\/option><option data-countryCode=\"LU\" value=\"352\">Luxembourg (+352)<\/option><option data-countryCode=\"MO\" value=\"853\">Macao (+853)<\/option><option data-countryCode=\"MK\" value=\"389\">Macedonia (+389)<\/option><option data-countryCode=\"MG\" value=\"261\">Madagascar (+261)<\/option><option data-countryCode=\"MW\" value=\"265\">Malawi (+265)<\/option><option data-countryCode=\"MY\" value=\"60\">Malaysia (+60)<\/option><option data-countryCode=\"MV\" value=\"960\">Maldives (+960)<\/option><option data-countryCode=\"ML\" value=\"223\">Mali (+223)<\/option><option data-countryCode=\"MT\" value=\"356\">Malta (+356)<\/option><option data-countryCode=\"MH\" value=\"692\">Marshall Islands (+692)<\/option><option data-countryCode=\"MQ\" value=\"596\">Martinique (+596)<\/option><option data-countryCode=\"MR\" value=\"222\">Mauritania (+222)<\/option><option data-countryCode=\"YT\" value=\"269\">Mayotte (+269)<\/option><option data-countryCode=\"FM\" value=\"691\">Micronesia (+691)<\/option><option data-countryCode=\"MD\" value=\"373\">Moldova (+373)<\/option><option data-countryCode=\"MC\" value=\"377\">Monaco (+377)<\/option><option data-countryCode=\"MN\" value=\"976\">Mongolia (+976)<\/option><option data-countryCode=\"MS\" value=\"1664\">Montserrat (+1664)<\/option><option data-countryCode=\"MA\" value=\"212\">Morocco (+212)<\/option><option data-countryCode=\"MZ\" value=\"258\">Mozambique (+258)<\/option><option data-countryCode=\"MN\" value=\"95\">Myanmar (+95)<\/option><option data-countryCode=\"NA\" value=\"264\">Namibia (+264)<\/option><option data-countryCode=\"NR\" value=\"674\">Nauru (+674)<\/option><option data-countryCode=\"NP\" value=\"977\">Nepal (+977)<\/option><option data-countryCode=\"NL\" value=\"31\">Netherlands (+31)<\/option><option data-countryCode=\"NC\" value=\"687\">New Caledonia (+687)<\/option><option data-countryCode=\"NZ\" value=\"64\">New Zealand (+64)<\/option><option data-countryCode=\"NI\" value=\"505\">Nicaragua (+505)<\/option><option data-countryCode=\"NE\" value=\"227\">Niger (+227)<\/option><option data-countryCode=\"NG\" value=\"234\">Nigeria (+234)<\/option><option data-countryCode=\"NU\" value=\"683\">Niue (+683)<\/option><option data-countryCode=\"NF\" value=\"672\">Norfolk Islands (+672)<\/option><option data-countryCode=\"NP\" value=\"670\">Northern Marianas (+670)<\/option><option data-countryCode=\"NO\" value=\"47\">Norway (+47)<\/option><option data-countryCode=\"OM\" value=\"968\">Oman (+968)<\/option><option data-countryCode=\"PW\" value=\"680\">Palau (+680)<\/option><option data-countryCode=\"PA\" value=\"507\">Panama (+507)<\/option><option data-countryCode=\"PG\" value=\"675\">Papua New Guinea (+675)<\/option><option data-countryCode=\"PY\" value=\"595\">Paraguay (+595)<\/option><option data-countryCode=\"PE\" value=\"51\">Peru (+51)<\/option><option data-countryCode=\"PH\" value=\"63\">Philippines (+63)<\/option><option data-countryCode=\"PL\" value=\"48\">Poland (+48)<\/option><option data-countryCode=\"PR\" value=\"1787\">Puerto Rico (+1787)<\/option><option data-countryCode=\"QA\" value=\"974\">Qatar (+974)<\/option><option data-countryCode=\"RE\" value=\"262\">Reunion (+262)<\/option><option data-countryCode=\"RO\" value=\"40\">Romania (+40)<\/option><option data-countryCode=\"RU\" value=\"7\">Russia (+7)<\/option><option data-countryCode=\"RW\" value=\"250\">Rwanda (+250)<\/option><option data-countryCode=\"SM\" value=\"378\">San Marino (+378)<\/option><option data-countryCode=\"ST\" value=\"239\">Sao Tome &amp; Principe (+239)<\/option><option data-countryCode=\"SA\" value=\"966\">Saudi Arabia (+966)<\/option><option data-countryCode=\"SN\" value=\"221\">Senegal (+221)<\/option><option data-countryCode=\"CS\" value=\"381\">Serbia (+381)<\/option><option data-countryCode=\"SC\" value=\"248\">Seychelles (+248)<\/option><option data-countryCode=\"SL\" value=\"232\">Sierra Leone (+232)<\/option><option data-countryCode=\"SG\" value=\"65\">Singapore (+65)<\/option><option data-countryCode=\"SK\" value=\"421\">Slovak Republic (+421)<\/option><option data-countryCode=\"SI\" value=\"386\">Slovenia (+386)<\/option><option data-countryCode=\"SB\" value=\"677\">Solomon Islands (+677)<\/option><option data-countryCode=\"SO\" value=\"252\">Somalia (+252)<\/option><option data-countryCode=\"ZA\" value=\"27\">South Africa (+27)<\/option><option data-countryCode=\"LK\" value=\"94\">Sri Lanka (+94)<\/option><option data-countryCode=\"SH\" value=\"290\">St. Helena (+290)<\/option><option data-countryCode=\"KN\" value=\"1869\">St. Kitts (+1869)<\/option><option data-countryCode=\"SC\" value=\"1758\">St. Lucia (+1758)<\/option><option data-countryCode=\"SD\" value=\"249\">Sudan (+249)<\/option><option data-countryCode=\"SR\" value=\"597\">Suriname (+597)<\/option><option data-countryCode=\"SZ\" value=\"268\">Swaziland (+268)<\/option><option data-countryCode=\"SE\" value=\"46\">Sweden (+46)<\/option><option data-countryCode=\"CH\" value=\"41\">Switzerland (+41)<\/option><option data-countryCode=\"SI\" value=\"963\">Syria (+963)<\/option><option data-countryCode=\"TW\" value=\"886\">Taiwan (+886)<\/option><option data-countryCode=\"TJ\" value=\"7\">Tajikstan (+7)<\/option><option data-countryCode=\"TH\" value=\"66\">Thailand (+66)<\/option><option data-countryCode=\"TG\" value=\"228\">Togo (+228)<\/option><option data-countryCode=\"TO\" value=\"676\">Tonga (+676)<\/option><option data-countryCode=\"TT\" value=\"1868\">Trinidad &amp; Tobago (+1868)<\/option><option data-countryCode=\"TN\" value=\"216\">Tunisia (+216)<\/option><option data-countryCode=\"TR\" value=\"90\">Turkey (+90)<\/option><option data-countryCode=\"TM\" value=\"7\">Turkmenistan (+7)<\/option><option data-countryCode=\"TM\" value=\"993\">Turkmenistan (+993)<\/option><option data-countryCode=\"TC\" value=\"1649\">Turks &amp; Caicos Islands (+1649)<\/option><option data-countryCode=\"TV\" value=\"688\">Tuvalu (+688)<\/option><option data-countryCode=\"UG\" value=\"256\">Uganda (+256)<\/option><option data-countryCode=\"GB\" value=\"44\">UK (+44)<\/option><option data-countryCode=\"UA\" value=\"380\">Ukraine (+380)<\/option><option data-countryCode=\"AE\" value=\"971\">United Arab Emirates (+971)<\/option><option data-countryCode=\"UY\" value=\"598\">Uruguay (+598)<\/option><option data-countryCode=\"US\" value=\"1\">USA (+1)<\/option><option data-countryCode=\"UZ\" value=\"7\">Uzbekistan (+7)<\/option><option data-countryCode=\"VU\" value=\"678\">Vanuatu (+678)<\/option><option data-countryCode=\"VA\" value=\"379\">Vatican City (+379)<\/option><option data-countryCode=\"VE\" value=\"58\">Venezuela (+58)<\/option><option data-countryCode=\"VN\" value=\"84\">Vietnam (+84)<\/option><option data-countryCode=\"VG\" value=\"84\">Virgin Islands &#8211; British (+1284)<\/option><option data-countryCode=\"VI\" value=\"84\">Virgin Islands &#8211; US (+1340)<\/option><option data-countryCode=\"WF\" value=\"681\">Wallis &amp; Futuna (+681)<\/option><option data-countryCode=\"YE\" value=\"969\">Yemen (North)(+969)<\/option><option data-countryCode=\"YE\" value=\"967\">Yemen (South)(+967)<\/option><option data-countryCode=\"ZM\" value=\"260\">Zambia (+260)<\/option><option data-countryCode=\"ZW\" value=\"263\">Zimbabwe (+263)<\/option><\/optgroup><br \/>\n<\/select><\/div>\n<div class=\"grid-50\">\n                    <input type=\"text\" id=\"register-phone\" value=\"\" placeholder=\"Telefone\">\n                <\/div>\n<\/p><\/div>\n<div class=\"error-message\" id=\"register-password-error\"><\/div>\n<div class=\"form-element-input\"><input type=\"password\" id=\"register-password\" value=\"\" placeholder=\"Senha\"><\/div>\n<div class=\"error-message\" id=\"register-password-confirm-error\"><\/div>\n<div class=\"form-element-input\"><input type=\"password\" id=\"register-password-confirm\" value=\"\" placeholder=\"Confirmar senha\"><\/div>\n<div class=\"error-message\" id=\"register-language-error\"><\/div>\n<div class=\"form-element-input\">\n                <select id=\"register-language\" hidden><option selected value=\"es_ES\" >Espanhol<\/option><option value=\"en_US\" >Ingl\u00eas<\/option><option value=\"pt_BR\" selected=\"selected\">Portugu\u00eas<\/option><\/select><br \/>\n                <span class=\"form-info-text\"><br \/>\n                    <i class=\"fas fa-exclamation-triangle\"><\/i><\/p>\n<p> Por favor, pense no idioma em que voc\u00ea deseja aproveitar o curso. Depois de selecionar um idioma e criar a conta, voc\u00ea n\u00e3o poder\u00e1 alterar o idioma do curso<\/p>\n<p>                <\/span>\n            <\/div>\n<div class=\"grid-50\">\n<div class=\"form-element-submit\">\n                    <button>CRIAR UMA CONTA                    <\/button>\n                <\/div>\n<\/p><\/div>\n<div class=\"grid-50\">\n<div class=\"form-element-login\">\n                    <a href=\"#log-in\"><button>J\u00c1 TENHO UMA CONTA<\/button><\/a>\n                <\/div>\n<\/p><\/div>\n<div class=\"form-element-label\" style=\"color: #3f3f3f;font-size: 15px;margin-top: 0px;position: relative;float: left;text-align: left;\"><em>Ao criar esta conta, voc\u00ea aceita nossos <a href=\"\/terms-of-service\" target=\"_blank\">Condi\u00e7\u00f5es de servi\u00e7o <\/a> e <a href=\"\/privacy-policy\" target=\"_blank\">Pol\u00edtica de privacidade <\/a> <\/em><\/div>\n<\/p><\/div>\n<\/p><\/div>\n<div id=\"register-success\" style=\"display:none\">\n<h2>Conectando&#8230;<\/h2>\n<\/p><\/div>\n<\/div><\/div>\n<\/div>\n","protected":false},"excerpt":{"rendered":"<p>N\u00e3o lembro minha senha Lembro minha senha RECUPERAR SENHA Lamentamos muito mas esse conte\u00fado \u00e9 exclusivo para usu\u00e1rios registrados. Se voc\u00ea quiser ter acesso a essa parte do curso, precisar\u00e1 criar uma conta pessoal a partir desta p\u00e1gina. Criar uma conta REGISTRO Espa\u00f1a (+34)Chile (+56)Colombia (+57)M&eacute;xico (+52)Argentina (+54)Portugal (+351)Algeria (+213)Andorra (+376)Angola (+244)Anguilla (+1264)Antigua &amp; Barbuda &#8230; <a title=\"Access error page\" class=\"read-more\" href=\"https:\/\/oldcursoonline.mercalabs.com\/pb\/access-error-page\/\">Ler mais <span class=\"screen-reader-text\">Access error page<\/span><\/a><\/p>\n","protected":false},"author":1,"featured_media":0,"parent":0,"menu_order":0,"comment_status":"closed","ping_status":"closed","template":"","meta":{"generate_page_header":""},"_links":{"self":[{"href":"https:\/\/oldcursoonline.mercalabs.com\/pb\/wp-json\/wp\/v2\/pages\/1379"}],"collection":[{"href":"https:\/\/oldcursoonline.mercalabs.com\/pb\/wp-json\/wp\/v2\/pages"}],"about":[{"href":"https:\/\/oldcursoonline.mercalabs.com\/pb\/wp-json\/wp\/v2\/types\/page"}],"author":[{"embeddable":true,"href":"https:\/\/oldcursoonline.mercalabs.com\/pb\/wp-json\/wp\/v2\/users\/1"}],"replies":[{"embeddable":true,"href":"https:\/\/oldcursoonline.mercalabs.com\/pb\/wp-json\/wp\/v2\/comments?post=1379"}],"version-history":[{"count":6,"href":"https:\/\/oldcursoonline.mercalabs.com\/pb\/wp-json\/wp\/v2\/pages\/1379\/revisions"}],"predecessor-version":[{"id":2170,"href":"https:\/\/oldcursoonline.mercalabs.com\/pb\/wp-json\/wp\/v2\/pages\/1379\/revisions\/2170"}],"wp:attachment":[{"href":"https:\/\/oldcursoonline.mercalabs.com\/pb\/wp-json\/wp\/v2\/media?parent=1379"}],"curies":[{"name":"wp","href":"https:\/\/api.w.org\/{rel}","templated":true}]}}