
{"id":1321,"date":"2019-02-19T07:34:28","date_gmt":"2019-02-19T07:34:28","guid":{"rendered":"http:\/\/0.0.0.0:8085\/?page_id=1321"},"modified":"2019-05-08T07:13:54","modified_gmt":"2019-05-08T07:13:54","slug":"investment-tools","status":"publish","type":"page","link":"https:\/\/oldcursoonline.mercalabs.com\/pb\/investment-tools\/","title":{"rendered":"(Espa\u00f1ol) Herramientas de inversi\u00f3n"},"content":{"rendered":"<div class=\"custom-header tools-page\">\n<h1> Investment tools<\/h1>\n<h3> Plan your strategy and manage your portfolio in a simple and intuitive way with the facilities offered by the technology.<\/h3>\n<h3> Find the best investment opportunities in any market in the world according to your investment profile.<\/h3>\n<h3> View your positions at all times and minimize the risk to opt for the maximum profitability.<\/h3>\n<div style=\"text-align: center\"><a href=\"\/stock-market-course\/\"><button>INSCREVA-SE AGORA<\/button><\/a><\/div>\n<\/div>\n<div class=\"login-form-group\" style=\"display:none;\">\n<div class=\"login-form-background\"><\/div>\n<div class=\"login-form-container\">\n<div class=\"form-element-close\"><i class=\"fas fa-times\"><\/i><\/div>\n<div class=\"login-picture-container\">\n            <img id=\"login-picture\" src=\"\/wp-content\/uploads\/2018\/10\/logo-eurekers-sticky.png\" alt=\"Eurekers logo\">\n          <\/div>\n<form name=\"loginform\" id=\"loginform\" action=\"https:\/\/oldcursoonline.mercalabs.com\/wp-login.php\" method=\"post\">\n<p class=\"login-username\">\n\t\t\t\t<label for=\"user_login\"><\/label><br \/>\n\t\t\t\t<input type=\"text\" name=\"log\" placeholder=\"Email ou usu\u00e1rio\" id=\"user_login\" class=\"input\" value=\"\" size=\"20\" \/>\n\t\t\t<\/p>\n<p class=\"login-password\">\n\t\t\t\t<label for=\"user_pass\"><\/label><br \/>\n\t\t\t\t<input type=\"password\" name=\"pwd\" placeholder=\"Senha\" id=\"user_pass\" class=\"input\" value=\"\" size=\"20\" \/>\n\t\t\t<\/p>\n<p class=\"login-submit\">\n\t\t\t\t<input type=\"submit\" name=\"wp-submit\" id=\"wp-submit\" class=\"button button-primary\" value=\"Acessar\" \/><br \/>\n\t\t\t\t<input type=\"hidden\" name=\"redirect_to\" value=\"https:\/\/oldcursoonline.mercalabs.com\/pb\/wp-json\/wp\/v2\/pages\/1321\" \/>\n\t\t\t<\/p>\n<\/p><\/form>\n<div style=\"text-align:center\">\n            <a id=\"retrieve-password\" href=\"#retrieve-pass\">N\u00e3o lembro minha senha<\/a><br \/>\n            <a style=\"display:none\" id=\"remember-password\" href=\"#remember-pass\">Lembro minha senha<\/a>\n          <\/div>\n<div id=\"restore-form\" style=\"display:none\">\n            <input type=\"text\" id=\"restore-mail\" placeholder=\"E-mail para recuperar a senha\"><\/p>\n<div id=\"restore-response\"><\/div>\n<p>            <button id=\"restore-button\">RECUPERAR SENHA<\/button>\n          <\/div>\n<\/p><\/div>\n<\/p><\/div>\n<div class=\"custom-header\">\n<h2> The global nature of markets on the same platform<\/h1>\n<h3> TODAS AS FERRAMENTAS PARA INVESTIR COM SUCESSO<\/h3>\n<\/div>\n<div class=\"grid-100\">\n<div class=\"grid-50\">\n        <img src=\"\/wp-content\/plugins\/eurekers-course\/images\/tools\/buscador-de-valores.png\" alt=\"Stock finder picture\">\n    <\/div>\n<div class=\"grid-50\">\n<h2 class=\"tool-title blue-title\"> Stockfinder<\/h2>\n<p> One of the biggest difficulties for investors is locating the most suitable securities for their portfolio. This tool greatly facilitates this task, by allowing you to apply filters (profitability, sectors, currencies &#8230;) that refine the search to the maximum until finding, in less than a second, the best investment opportunities for you.<\/p>\n<\/p><\/div>\n<\/div>\n<div class=\"grid-100\">\n<div class=\"grid-50\">\n<h2 class=\"tool-title black-title\"> Stockchart<\/h2>\n<p> Control your investments at any time within the same workspace. Quickly check the status of your account (s), look at your positions, check your stops, write down your observations and plan your next moves according to your investment methodology.<\/p>\n<\/p><\/div>\n<div class=\"grid-50\">\n        <img src=\"\/wp-content\/plugins\/eurekers-course\/images\/tools\/graficador.png\" alt=\"Stock chart picture\">\n    <\/div>\n<\/div>\n<div class=\"grid-100\">\n<div class=\"grid-50\">\n        <img src=\"\/wp-content\/plugins\/eurekers-course\/images\/tools\/directionality.png\" alt=\"Stock chart picture\">\n    <\/div>\n<div class=\"grid-50\">\n<h2 class=\"tool-title blue-title\"> Direcionalidade<\/h2>\n<p> Analisar a direcionalidade dos mercados por pa\u00edses e setores nos permite focar em a\u00e7\u00f5es com maior precis\u00e3o, sabendo onde est\u00e3o as a\u00e7\u00f5es com maior potencial de crescimento e em quais mercados elas podem cair.<\/p>\n<\/p><\/div>\n<\/div>\n<div class=\"grid-100\">\n<div class=\"grid-50\">\n<h2 class=\"tool-title black-title\"> Risk control<\/h2>\n<p> Risk control is one of the main characteristics when we use the Eurekers methodology. With this financial calculator, you will control the risk in each of your operations.<\/p>\n<\/p><\/div>\n<div class=\"grid-50\">\n<div class=\"grid-100\"><img src=\"\/wp-content\/plugins\/eurekers-course\/images\/tools\/risk-control.png\" alt=\"Stock chart picture\"><\/div>\n<\/p><\/div>\n<\/div>\n","protected":false},"excerpt":{"rendered":"<p>Investment tools Plan your strategy and manage your portfolio in a simple and intuitive way with the facilities offered by the technology. Find the best investment opportunities in any market in the world according to your investment profile. View your positions at all times and minimize the risk to opt for the maximum profitability. INSCREVA-SE &#8230; <a title=\"(Espa\u00f1ol) Herramientas de inversi\u00f3n\" class=\"read-more\" href=\"https:\/\/oldcursoonline.mercalabs.com\/pb\/investment-tools\/\">Ler mais <span class=\"screen-reader-text\">(Espa\u00f1ol) Herramientas de inversi\u00f3n<\/span><\/a><\/p>\n","protected":false},"author":1,"featured_media":0,"parent":0,"menu_order":0,"comment_status":"closed","ping_status":"closed","template":"","meta":{"generate_page_header":""},"_links":{"self":[{"href":"https:\/\/oldcursoonline.mercalabs.com\/pb\/wp-json\/wp\/v2\/pages\/1321"}],"collection":[{"href":"https:\/\/oldcursoonline.mercalabs.com\/pb\/wp-json\/wp\/v2\/pages"}],"about":[{"href":"https:\/\/oldcursoonline.mercalabs.com\/pb\/wp-json\/wp\/v2\/types\/page"}],"author":[{"embeddable":true,"href":"https:\/\/oldcursoonline.mercalabs.com\/pb\/wp-json\/wp\/v2\/users\/1"}],"replies":[{"embeddable":true,"href":"https:\/\/oldcursoonline.mercalabs.com\/pb\/wp-json\/wp\/v2\/comments?post=1321"}],"version-history":[{"count":11,"href":"https:\/\/oldcursoonline.mercalabs.com\/pb\/wp-json\/wp\/v2\/pages\/1321\/revisions"}],"predecessor-version":[{"id":1359,"href":"https:\/\/oldcursoonline.mercalabs.com\/pb\/wp-json\/wp\/v2\/pages\/1321\/revisions\/1359"}],"wp:attachment":[{"href":"https:\/\/oldcursoonline.mercalabs.com\/pb\/wp-json\/wp\/v2\/media?parent=1321"}],"curies":[{"name":"wp","href":"https:\/\/api.w.org\/{rel}","templated":true}]}}