
{"id":2199,"date":"2019-09-12T08:51:31","date_gmt":"2019-09-12T08:51:31","guid":{"rendered":"http:\/\/0.0.0.0:8085\/?page_id=2199"},"modified":"2019-12-23T15:55:22","modified_gmt":"2019-12-23T15:55:22","slug":"terms-of-service","status":"publish","type":"page","link":"https:\/\/oldcursoonline.mercalabs.com\/en\/terms-of-service\/","title":{"rendered":"Terms of Service"},"content":{"rendered":"<p>IDENTIFICACI\u00d3N DE LA RAZ\u00d3N SOCIAL DEL RESPONSABLE DEL FICHERO<\/p>\n<p>El web site https:\/\/www.online.eurekers.com cuyo titular es MERCALIA INTERNATIONAL BUSINESS SCHOOL SA, ofrece servicios en la parte p\u00fablica de la web, permite ver la formaci\u00f3n online y adem\u00e1s permite pagarla. De acuerdo con la Ley 34\/2002 de 11 de Julio de servicios de la sociedad de la informaci\u00f3n y de comercio electr\u00f3nico, ponemos en su conocimiento los datos sociales de la entidad mencionada:<\/p>\n<p>Sociedad que imparte la formaci\u00f3n de bolsa y muestra la informaci\u00f3n asociada en la web:<\/p>\n<p>Raz\u00f3n social: MERCALIA INTERNATIONAL BUSINESS SCHOOL SA<\/p>\n<p>Residencia: Espa\u00f1a<\/p>\n<p>E-mail: online@eurekers.com<\/p>\n<p>Domicilio: Calle Helsinki\u00ad52 , 6A entresuelo, despacho 8, Torrente (46900) Valencia<\/p>\n<p>N.I.F\/C.I.F.: A86700531<\/p>\n<p>Objeto: Formaci\u00f3n<\/p>\n<p>Datos Registrales: Registro Mercantil de Madrid, tomo 3099, folio 110, hoja M\u00ad557934, Inscripci\u00f3n 1<\/p>\n<p>INFORMACI\u00d3N GENERAL<\/p>\n<p>Estas condiciones generales regulan el uso del servicio del Web Site https:\/\/www.online.eurekers.com cuyo titular es MERCALIA INTERNATIONAL BUSINESS SCHOOL SA disponible de forma gratuita para los usuarios de Internet. La utilizaci\u00f3n de nuestra Web le atribuye la condici\u00f3n de usuario y supone la aceptaci\u00f3n plena y sin reservas por el Usuario de todas y cada una de las Condiciones Generales en la versi\u00f3n publicada por MERCALIA INTERNATIONAL BUSINESS SCHOOL SA en el momento mismo en que el Usuario acceda a nuestro Web Site, as\u00ed como de nuestra pol\u00edtica de privacidad y tratamiento de datos personales. El Usuario debe leer atentamente las Condiciones Generales en cada una de las ocasiones en que se proponga utilizar nuestra Web. Asimismo, la utilizaci\u00f3n del Servicio se encuentra sometida igualmente a todos los avisos, reglamentos de uso e instrucciones puestos en conocimiento del Usuario por MERCALIA INTERNATIONAL BUSINESS SCHOOL SA previsto en estas Condiciones Generales en cuanto no se opongan a ellas.<\/p>\n<p>El Usuario registrado podr\u00e1 en todo momento darse de baja de forma autom\u00e1tica como Usuario de la web, sin que dicha decisi\u00f3n pueda tener car\u00e1cter retroactivo, por correo electr\u00f3nico a la direcci\u00f3n online@eurekers.com<\/p>\n<p>MERCALIA INTERNATIONAL BUSINESS SCHOOL SA se reserva el derecho a denegar o retirar el acceso a su Web Site, en cualquier momento y sin necesidad de preaviso, a aquellos Usuarios que incumplan las presentes Condiciones Generales as\u00ed como las Condiciones Particulares que resulten de aplicaci\u00f3n.<\/p>\n<p>CONDICIONES GENERALES<\/p>\n<p>Con car\u00e1cter general, el Usuario se obliga al cumplimiento de las presentes condiciones y t\u00e9rminos de uso, y obrar siempre conforme a la ley, a las buenas costumbres y a las exigencias de la buena fe, empleando la diligencia adecuada a la naturaleza del servicio del que disfruta, absteni\u00e9ndose de utilizar el sitio https:\/\/www.online.eurekers.com , de cualquier forma que pueda impedir, da\u00f1ar o deteriorar el normal funcionamiento del mismo, los bienes o derechos MERCALIA INTERNATIONAL BUSINESS SCHOOL SA , del resto de Usuarios o en general de cualquier tercero.<\/p>\n<p>En particular, y sin que ello implique restricci\u00f3n alguna a la obligaci\u00f3n asumida por el Usuario con car\u00e1cter general de conformidad con el apartado anterior, el Usuario se obliga, en la utilizaci\u00f3n de https:\/\/www.online.eurekers.com a:<\/p>\n<p>No introducir, almacenar o difundir en o desde el sitio web, cualquier informaci\u00f3n o material que fuera difamatorio, injurioso, obsceno, amenazador, xen\u00f3fobo, incite a la violencia a la discriminaci\u00f3n por raz\u00f3n de raza, sexo, ideolog\u00eda, religi\u00f3n o que de cualquier forma atente contra la moral, el orden p\u00fablico, los derechos fundamentales, las libertas p\u00fablicas, el honor, la intimidad o la imagen de terceros y en general la normativa vigente.<\/p>\n<p>No introducir, almacenar o difundir mediante el sitio web ning\u00fan programa de ordenador, datos, virus, c\u00f3digo, equipo de hardware o de telecomunicaciones o cualquier otro instrumento o dispositivo electr\u00f3nico o f\u00edsico que sea susceptible de causar da\u00f1os en el sitio web, en cualquiera de los servicios, o en cualquiera de los equipos, sistemas o redes de MERCALIA INTERNATIONAL BUSINESS SCHOOL SA, de cualquier Usuario, o en general de cualquier tercero. O que de cualquier otra forma sea capaz de causarles cualquier tipo de alteraci\u00f3n o impedir el normal funcionamiento de los mismos.<\/p>\n<p>Custodiar adecuadamente el &#8220;Nombre de Usuario&#8221; y la &#8220;Contrase\u00f1a&#8221; que le sea facilitada por MERCALIA INTERNATIONAL BUSINESS SCHOOL SA, como elementos identificadores y habilitadores para el acceso a los distintos servicios ofrecidos en el sitio web, comprometi\u00e9ndose a no ceder su uso ni a permitir el acceso a ellos de terceros, asumiendo la responsabilidad por los da\u00f1os y perjuicios que pudieran derivarse de un uso indebido de los mismos.<\/p>\n<p>No destruir, alterar, utilizar para su uso, inutilizar o da\u00f1ar los datos, informaciones, programas o documentos electr\u00f3nicos de MERCALIA INTERNATIONAL BUSINESS SCHOOL SA o terceros.<\/p>\n<p>El Usuario no obstaculizar\u00e1 el uso del Servicio MERCALIA INTERNATIONAL BUSINESS SCHOOL, S.A de otro Usuario ni el uso de servicios similares por parte de otra entidad.<\/p>\n<p>El Usuario en especial deber\u00e1 de abstenerse a realizar cualquier acto contrario a las normas que regulan, la protecci\u00f3n de datos de car\u00e1cter personal, el mercado y los consumidores, la Propiedad Intelectual, las normas de car\u00e1cter fiscal, y el honor, la intimidad y la imagen y buen nombre de personas o entidades.<\/p>\n<p>El Usuario tiene prohibido suprimir, eludir o manipular el \u201ccopyright\u201d y dem\u00e1s datos identificativos de los derechos de MERCALIA INTERNATIONAL BUSINESS SCHOOL, S.A o de sus titulares incorporados a los Contenidos, as\u00ed como los dispositivos t\u00e9cnicos de protecci\u00f3n y cualesquiera mecanismos de informaci\u00f3n que pudieren contener los Contenidos.<\/p>\n<p>MERCALIA INTERNATIONAL BUSINESS SCHOOL, S.A podr\u00e1, seg\u00fan su propio criterio, dar por terminado el servicio en forma inmediata, si la conducta del Usuario no fuera conforme con los t\u00e9rminos y condiciones expuestas en la presente.<\/p>\n<p>MERCALIA INTERNATIONAL BUSINESS SCHOOL SA podr\u00e1, en todo momento y sin previo aviso, modificar las presentes Condiciones Generales, as\u00ed como las Condiciones Particulares que, en su caso, se incluyan, mediante la publicaci\u00f3n de dichas modificaciones en el sitio web con el fin de que puedan ser conocidas por los Usuarios.<\/p>\n<p>PROPIEDAD INTELECTUAL E INDUSTRIAL<\/p>\n<p>La estructura, dise\u00f1o y forma de presentaci\u00f3n de los elementos [v\u00eddeos, gr\u00e1ficos, im\u00e1genes, ficheros, logotipos, combinaciones de colores y cualquier elemento susceptible de protecci\u00f3n] est\u00e1n protegidos por derechos de propiedad intelectual titularidad de MERCALIA INTERNATIONAL BUSINESS SCHOOL SA.<\/p>\n<p>Est\u00e1n prohibidas la reproducci\u00f3n, la transformaci\u00f3n, distribuci\u00f3n, comunicaci\u00f3n p\u00fablica, puesta a disposici\u00f3n del p\u00fablico y, en general, cualquier otra forma de explotaci\u00f3n, parcial o total de los elementos referidos en el apartado anterior. Estos actos de explotaci\u00f3n s\u00f3lo podr\u00e1n ser realizados en virtud de autorizaci\u00f3n expresa de MERCALIA INTERNATIONAL BUSINESS SCHOOL SA y que, en todo caso, deber\u00e1n hacer referencia expl\u00edcita a la titularidad de los citados derechos de propiedad intelectual de MERCALIA INTERNATIONAL BUSINESS SCHOOL SA. S\u00f3lo estar\u00e1 autorizado a la reproducci\u00f3n [impresi\u00f3n o descarga] para uso privado de los contenidos dispuestos en el sitio web.<\/p>\n<p>No se permite la utilizaci\u00f3n de los signos distintivos [marcas, nombres comerciales], salvo autorizaci\u00f3n expresa de los leg\u00edtimos titulares.<\/p>\n<p>EXONERACI\u00d3N DE RESPONSABILIDAD.<\/p>\n<p>MERCALIA INTERNATIONAL BUSINESS SCHOOL SA no ser\u00e1 responsable: Con car\u00e1cter general, respecto del uso inadecuado del sitio web titularidad de MERCALIA INTERNATIONAL BUSINESS SCHOOL SA &#8211; Los usuarios deber\u00e1n realizar un uso adecuado del sitio web, de acuerdo con las condiciones y t\u00e9rminos anteriores, sin que ninguna responsabilidad pueda tener MERCALIA INTERNATIONAL BUSINESS SCHOOL SA por la utilizaci\u00f3n indebida.<\/p>\n<p>Respecto de posibles deficiencias t\u00e9cnicas.- MERCALIA INTERNATIONAL BUSINESS SCHOOL SA no ser\u00e1 responsable en ning\u00fan caso de las alteraciones en el servicio que se produzcan por fallos en la red el\u00e9ctrica, en la red de conexi\u00f3n de datos, en el servidor o en cualesquiera prestaciones.<\/p>\n<p>Respecto al acceso por terceros a su sistema MERCALIA INTERNATIONAL BUSINESS SCHOOL SA adoptar\u00e1 las cautelas t\u00e9cnicas necesarias a fin de proteger los datos e informaci\u00f3n a la que se accede, pero sin que sea responsable de actuaciones de terceros que, vulnerando las medidas de seguridad establecidas, accedan a los citados datos. Esta p\u00e1gina web puede contener enlaces a otras p\u00e1ginas de terceras partes cuyo contenido MERCALIA INTERNATIONAL BUSINESS SCHOOL, S.A no puede controlar. Su inclusi\u00f3n responde a fines informativos, no implicando la aceptaci\u00f3n o garant\u00eda por parte de MERCALIA INTERNATIONAL BUSINESS SCHOOL, S.A de los contenidos de dichas p\u00e1ginas web. Por ello, MERCALIA INTERNATIONAL BUSINESS SCHOOL, S.A rechaza toda responsabilidad en relaci\u00f3n con los mismos, as\u00ed como por los da\u00f1os que pudieran causarse por cualquier motivo en su sistema inform\u00e1tico (equipo y aplicaciones), documentos o ficheros. MERCALIA INTERNATIONAL BUSINESS SCHOOL, S.A en la medida en la que lo permita la legislaci\u00f3n aplicable, no garantiza la fiabilidad, disponibilidad o continuidad del funcionamiento de esta p\u00e1gina web ni de su contenido por motivos t\u00e9cnicos, de seguridad, control o mantenimiento del servicio, por fallos debidos al servidor que aloja los contenidos o de otros intermediarios o proveedores, por ataques contra el sistema inform\u00e1tico, ni por cualesquiera otros motivos que se deriven de causas que escapen a su control, por lo que se exime de cualquier responsabilidad, directa o indirecta, por los mismos. MERCALIA INTERNATIONAL BUSINESS SCHOOL, S.A no se hace responsable de los fallos, errores o da\u00f1os, directos o indirectos, que puedan causarse al sistema inform\u00e1tico del usuario o a los ficheros o documentos almacenados en el mismo, que sean causados o se deriven de la capacidad o calidad de su sistema inform\u00e1tico o de la presencia de un virus o cualquier otra aplicaci\u00f3n inform\u00e1tica da\u00f1ina en el ordenador que sea utilizado para la conexi\u00f3n a los contenidos de la web, de la calidad de su conexi\u00f3n o acceso a Internet, por un mal funcionamiento de su navegador, o por el uso de aplicaciones inform\u00e1ticas cuyas versiones no est\u00e9n actualizadas o no se obtenga la correspondiente licencia de usuario. MERCALIA INTERNATIONAL BUSINESS SCHOOL, S.A queda exonerado de responsabilidad por cualquier reclamaci\u00f3n respecto a los derechos de propiedad intelectual de los art\u00edculos e im\u00e1genes publicadas en su portal, as\u00ed como, no garantiza la exactitud, veracidad y vigencia de los contenidos de esta p\u00e1gina web, ya sean propios, de terceros, o enlazables a otras websites, quedando totalmente exonerada de cualquier responsabilidad derivada del uso de la mismos. MERCALIA INTERNATIONAL BUSINESS SCHOOL, S.A queda exonerada de cualquier responsabilidad derivada de cualquier reclamaci\u00f3n, incluido el pago de honorarios a abogados, por las demandas y reclamaciones originadas por terceros por el incumplimiento por parte del USUARIO de nuestras condiciones de uso, acceso y pol\u00edtica de privacidad, o cualquiera otra reclamaci\u00f3n por el incumplimiento de la legislaci\u00f3n vigente.<\/p>\n<p>LEGISLACI\u00d3N<\/p>\n<p>Con car\u00e1cter general las relaciones entre MERCALIA INTERNATIONAL BUSINESS SCHOOL, S.A con los Usuarios de sus servicios telem\u00e1ticos, presentes en este sitio Web, se encuentran sometidas a la legislaci\u00f3n y jurisdicci\u00f3n espa\u00f1olas, someti\u00e9ndose las partes para cualquier cuesti\u00f3n litigiosa derivada del presente acuerdo a los Juzgados y Tribunales de residencia del Usuario (Espa\u00f1a).<\/p>\n<p>Si un tribunal competente considerara que alguna disposici\u00f3n o disposiciones del presente acuerdo fuese contraria a la ley, tal o tales disposiciones ser\u00e1n redactadas nuevamente de forma tal que reflejen lo m\u00e1s fielmente posible las intenciones de las partes, mientras las otras disposiciones se mantendr\u00e1n vigentes y aplicables.<\/p>\n<p>En el supuesto de que alguna de las cl\u00e1usulas del presente Acuerdo resultara inv\u00e1lida o inaplicable, la parte v\u00e1lida o aplicable y las restantes disposiciones del Acuerdo se mantendr\u00e1n vigentes y aplicables.<\/p>\n<p>POL\u00cdTICA DE VENTA Y DEVOLUCIONES<\/p>\n<p>Pol\u00edtica de venta:<\/p>\n<p>El usuario deber\u00e1 seguir el siguiente proceso:<\/p>\n<p>Realizar la inscripci\u00f3n en el curso online o evento interesado a trav\u00e9s de la p\u00e1gina web https:\/\/www.online.eurekers.com en la correspondiente p\u00e1gina de inscripci\u00f3n.<\/p>\n<p>Una vez se haya pre-inscrito y aceptado las condiciones de privacidad y el presente aviso legal, se derivar\u00e1 a la pasarela de pago, donde podr\u00e1 efectuar el pago del curso online.<\/p>\n<p>Los pagos podr\u00e1n realizarse mediante tarjetas Visa, MasterCard y American Express. Los titulares de las tarjetas ser\u00e1n los responsables de efectuar las transacciones.<\/p>\n<p>Tarjeta de cr\u00e9dito<\/p>\n<p>Te garantizamos que cada una de las transacciones realizadas en Eurekers es 100% segura ya que utilizamos la plataforma externa Stripe. Todas las operaciones que implican la transmisi\u00f3n de datos personales o bancarios se realizan utilizando un entorno seguro. Eurekers utiliza un servidor externo basado en la tecnolog\u00eda de seguridad est\u00e1ndar SSL (Secure Socked Layer). Toda la informaci\u00f3n que nos transmitas viaja cifrada a trav\u00e9s de la red y no es guardada en ning\u00fan servidor propio.<\/p>\n<p>Asimismo, los datos sobre tu tarjeta de cr\u00e9dito no quedan registrados en ninguna base de datos de Eurekers, sino que van directamente al pago a trav\u00e9s de Stripe.<\/p>\n<p>Se solicitar\u00e1n siempre los siguientes datos: el n\u00famero de tarjeta, la fecha de caducidad, y un C\u00f3digo de Validaci\u00f3n que coincide con las 3 \u00faltimas cifras del n\u00famero impreso en cursiva en el reverso de su tarjeta, ofreciendo, de esta forma, m\u00e1s garant\u00edas acerca de la seguridad de la transacci\u00f3n.<\/p>\n<p>Importante: El fraude con tarjeta de cr\u00e9dito es un delito, y Eurekers entablar\u00e1 acci\u00f3n judicial contra todo aquel que realice una transacci\u00f3n fraudulenta en nuestro Web site.<\/p>\n<p>Pol\u00edtica de devoluci\u00f3n:<\/p>\n<p>El usuario tiene derecho a la devoluci\u00f3n del importe de la inscripci\u00f3n en los siguientes t\u00e9rminos y condiciones: Las cancelaciones deben informarse por escrito, enviando un email a online@eurekers.com. No se aceptan cancelaciones informadas por ninguna otra v\u00eda. En dicho email deben constar todos los datos de la inscripci\u00f3n, incluyendo Nombre del curso, nombre y apellidos del alumno, fecha y datos de contacto.<\/p>\n<p>Pol\u00edtica de reembolsos y c\u0155editos (A revisar):<\/p>\n<p>Si la persona inscrita no puede participar en el curso y previo aviso de al menos 4 d\u00edas naturales de anticipaci\u00f3n a la fecha de celebraci\u00f3n, se podr\u00e1 sustituir por otra persona u ofrecer otra fecha alternativa si la hubiera. En cualquier caso, la persona que vaya a asistir en sustituci\u00f3n de la inicialmente inscrita deber\u00e1 cumplimentar tambi\u00e9n su inscripci\u00f3n a trav\u00e9s de la web. En caso de ofrecer una fecha alternativa a la persona inscrita, \u00e9sta deber\u00e1 cumplimentar a trav\u00e9s de la web su inscripci\u00f3n para la nueva fecha.<\/p>\n<p>UTILIZACI\u00d3N DE COOKIES<\/p>\n<p>Una &#8220;cookie&#8221; es un peque\u00f1o fichero de texto que un servidor de p\u00e1ginas Web almacena en la unidad de disco duro del Usuario con el objeto de facilitarle ulteriores visitas. MERCALIA INTERNATIONAL BUSINESS SCHOOL SA informa de que emplea &#8220;cookies&#8221; en la conexi\u00f3n al Portal con el fin de recoger informaci\u00f3n sobre el uso que nuestros visitantes dan a nuestra web, para de esta forma mejorar el contenido que ofrecemos. Estas cookies son esenciales para el correcto funcionamiento del Portal, no obstante si no quiere disponer de ellas, puede eliminar y\/o bloquear las cookies en las opciones de su navegador. Record\u00e1dle que el bloqueo de las cookies puede ocasionar un mal funcionamiento del sitio.<\/p>\n<p>SEGURIDAD<\/p>\n<p>El sitio web utiliza t\u00e9cnicas de seguridad de la informaci\u00f3n generalmente aceptada en la industria, tales como firewalls, procedimientos de control de acceso y mecanismos criptogr\u00e1ficos, todo ello con el objeto de evitar el acceso no autorizado de datos. Para lograr estos fines, el usuario\/cliente acepta que el prestador obtenga datos para efecto de la correspondiente autenticaci\u00f3n de los controles de acceso. Todo proceso de contrataci\u00f3n o que conlleve la introducci\u00f3n de datos personales ser\u00e1n siempre transmitidos mediante protocolo de comunicaci\u00f3n segura &#8220;HTTPS&#8221; de tal forma que ning\u00fan tercero tenga acceso a la informaci\u00f3n transmitida v\u00eda electr\u00f3nica.<\/p>\n<p>PROTOCOLO DEL CURSO Y WEB<\/p>\n<p>Asimismo le informamos, que Usted, es totalmente responsable sobre el uso de la informaci\u00f3n y contenido del curso o web, de la informaci\u00f3n transmitida y almacenada, de su explotaci\u00f3n, de los enlaces de hipertexto, de las reivindicaciones a terceros y de las acciones legales que su actuaci\u00f3n pudieran desencadenar. En definitiva, se excluye cualquier responsabilidad por los da\u00f1os y perjuicios que pudieran deberse a la utilizaci\u00f3n de los servicios y de los contenidos facilitados. Reservado el derecho de admisi\u00f3n tanto al curso como al \u00e1rea privada de la p\u00e1gina Web.<\/p>\n<p>La inversi\u00f3n en los mercados financieros conlleva riesgos que en ocasiones puede derivar en la p\u00e9rdida total o parcial de la inversi\u00f3n. Nuestro software es proporcionado \u00fanica y exclusivamente con el prop\u00f3sito de informar y no constituye una oferta o recomendaci\u00f3n para comprar o vender ninguna acci\u00f3n, o cualquier otro instrumento derivado.<\/p>\n<p>El objetivo es ense\u00f1ar a los alumnos c\u00f3mo se pueden utilizar las t\u00e9cnicas aprendidas en el curso. La informaci\u00f3n y cualquier dato estad\u00edstico contenido en esta p\u00e1gina ha sido obtenido de fuentes que parecen fiables, pero eso no quiere decir que sean precisos o completos. Todos los an\u00e1lisis expuestos as\u00ed como los datos proporcionados pueden ser sometidos a cambios sin previo aviso.<\/p>\n<p>Es responsabilidad de cada alumno decidir el uso que se da a la informaci\u00f3n que proporcionamos.<\/p>\n","protected":false},"excerpt":{"rendered":"<p>IDENTIFICACI\u00d3N DE LA RAZ\u00d3N SOCIAL DEL RESPONSABLE DEL FICHERO El web site https:\/\/www.online.eurekers.com cuyo titular es MERCALIA INTERNATIONAL BUSINESS SCHOOL SA, ofrece servicios en la parte p\u00fablica de la web, permite ver la formaci\u00f3n online y adem\u00e1s permite pagarla. De acuerdo con la Ley 34\/2002 de 11 de Julio de servicios de la sociedad de &#8230; <a title=\"Terms of Service\" class=\"read-more\" href=\"https:\/\/oldcursoonline.mercalabs.com\/en\/terms-of-service\/\">Read more <span class=\"screen-reader-text\">Terms of Service<\/span><\/a><\/p>\n","protected":false},"author":1,"featured_media":0,"parent":0,"menu_order":0,"comment_status":"closed","ping_status":"closed","template":"","meta":{"generate_page_header":""},"_links":{"self":[{"href":"https:\/\/oldcursoonline.mercalabs.com\/en\/wp-json\/wp\/v2\/pages\/2199"}],"collection":[{"href":"https:\/\/oldcursoonline.mercalabs.com\/en\/wp-json\/wp\/v2\/pages"}],"about":[{"href":"https:\/\/oldcursoonline.mercalabs.com\/en\/wp-json\/wp\/v2\/types\/page"}],"author":[{"embeddable":true,"href":"https:\/\/oldcursoonline.mercalabs.com\/en\/wp-json\/wp\/v2\/users\/1"}],"replies":[{"embeddable":true,"href":"https:\/\/oldcursoonline.mercalabs.com\/en\/wp-json\/wp\/v2\/comments?post=2199"}],"version-history":[{"count":3,"href":"https:\/\/oldcursoonline.mercalabs.com\/en\/wp-json\/wp\/v2\/pages\/2199\/revisions"}],"predecessor-version":[{"id":3574,"href":"https:\/\/oldcursoonline.mercalabs.com\/en\/wp-json\/wp\/v2\/pages\/2199\/revisions\/3574"}],"wp:attachment":[{"href":"https:\/\/oldcursoonline.mercalabs.com\/en\/wp-json\/wp\/v2\/media?parent=2199"}],"curies":[{"name":"wp","href":"https:\/\/api.w.org\/{rel}","templated":true}]}}